{"id":136,"date":"2026-02-19T16:00:57","date_gmt":"2026-02-19T15:00:57","guid":{"rendered":"http:\/\/localhost:8888\/?page_id=136"},"modified":"2026-03-21T20:14:51","modified_gmt":"2026-03-21T19:14:51","slug":"wir-suchen-dich","status":"publish","type":"page","link":"https:\/\/befit-gescher.de\/index.php\/wir-suchen-dich\/","title":{"rendered":"Wir suchen dich!"},"content":{"rendered":"<div id=\"pl-136\"  class=\"panel-layout\" ><div id=\"pg-136-0\"  class=\"panel-grid panel-has-style\" ><div class=\"siteorigin-panels-stretch panel-width-m panel-row-style panel-row-style-for-136-0\" data-stretch-type=\"width_m\" ><div id=\"pgc-136-0-0\"  class=\"panel-grid-cell\" ><div id=\"panel-136-0-0-0\" class=\"so-panel widget widget_sow-editor panel-first-child panel-last-child\" data-index=\"0\" ><div\n\t\t\t\n\t\t\tclass=\"so-widget-sow-editor so-widget-sow-editor-base\"\n\t\t\t\n\t\t>\n<div class=\"siteorigin-widget-tinymce textwidget\">\n\t<p style=\"text-align: center;\">Du hast bereits Erfahrung als Trainer in einer Sportart gesammelt oder w\u00fcrdest gerne mit deinen Erfahrungen als Sch\u00fcler Trainer werden und einen Kurs leiten?<\/p>\n<p style=\"text-align: center;\">Dann sprich uns an! Wir sind offen f\u00fcr alle Sportarten \u2013 von Yoga bis Thaiboxen ist bei uns alles m\u00f6glich.<\/p>\n<p style=\"text-align: center;\">Schreib uns eine Mail und wir vereinbaren einen Termin, damit wir alles Weitere besprechen k\u00f6nnen.<\/p>\n<\/div>\n<\/div><\/div><\/div><\/div><\/div><div id=\"pg-136-1\"  class=\"panel-grid panel-has-style\" ><div class=\"siteorigin-panels-stretch panel-width-m panel-row-style panel-row-style-for-136-1\" data-stretch-type=\"width_m\" ><div id=\"pgc-136-1-0\"  class=\"panel-grid-cell\" ><div id=\"panel-136-1-0-0\" class=\"so-panel widget widget_sow-editor panel-first-child panel-last-child\" data-index=\"1\" ><div\n\t\t\t\n\t\t\tclass=\"so-widget-sow-editor so-widget-sow-editor-base\"\n\t\t\t\n\t\t>\n<div class=\"siteorigin-widget-tinymce textwidget\">\n\t\n<div class=\"wpcf7 no-js\" id=\"wpcf7-f202-o1\" lang=\"de-DE\" dir=\"ltr\" data-wpcf7-id=\"202\">\n<div class=\"screen-reader-response\"><p role=\"status\" aria-live=\"polite\" aria-atomic=\"true\"><\/p> <ul><\/ul><\/div>\n<form action=\"\/index.php\/wp-json\/wp\/v2\/pages\/136#wpcf7-f202-o1\" method=\"post\" class=\"wpcf7-form init\" aria-label=\"Kontaktformular\" novalidate=\"novalidate\" data-status=\"init\">\n<fieldset class=\"hidden-fields-container\"><input type=\"hidden\" name=\"_wpcf7\" value=\"202\" \/><input type=\"hidden\" name=\"_wpcf7_version\" value=\"6.1.5\" \/><input type=\"hidden\" name=\"_wpcf7_locale\" value=\"de_DE\" \/><input type=\"hidden\" name=\"_wpcf7_unit_tag\" value=\"wpcf7-f202-o1\" \/><input type=\"hidden\" name=\"_wpcf7_container_post\" value=\"0\" \/><input type=\"hidden\" name=\"_wpcf7_posted_data_hash\" value=\"\" \/>\n<\/fieldset>\n<p><label> Name*<br \/>\n<span class=\"wpcf7-form-control-wrap\" data-name=\"your-name\"><input size=\"40\" maxlength=\"400\" class=\"wpcf7-form-control wpcf7-text wpcf7-validates-as-required\" autocomplete=\"name\" aria-required=\"true\" aria-invalid=\"false\" value=\"\" type=\"text\" name=\"your-name\" \/><\/span> <\/label>\n<\/p>\n<p><label> E-Mail-Adresse*<br \/>\n<span class=\"wpcf7-form-control-wrap\" data-name=\"your-email\"><input size=\"40\" maxlength=\"400\" class=\"wpcf7-form-control wpcf7-email wpcf7-validates-as-required wpcf7-text wpcf7-validates-as-email\" autocomplete=\"email\" aria-required=\"true\" aria-invalid=\"false\" value=\"\" type=\"email\" name=\"your-email\" \/><\/span> <\/label>\n<\/p>\n<p><label> Deine Nachricht (optional)<br \/>\n<span class=\"wpcf7-form-control-wrap\" data-name=\"your-message\"><textarea cols=\"40\" rows=\"10\" maxlength=\"2000\" class=\"wpcf7-form-control wpcf7-textarea\" aria-invalid=\"false\" name=\"your-message\"><\/textarea><\/span> <\/label>\n<\/p>\n<p><span class=\"wpcf7-form-control-wrap\" data-name=\"checkbox-779\"><span class=\"wpcf7-form-control wpcf7-checkbox\"><span class=\"wpcf7-list-item first last\"><label><input type=\"checkbox\" name=\"checkbox-779[]\" value=\"\" \/><span class=\"wpcf7-list-item-label\"><\/span><\/label><\/span><\/span><\/span> Ich habe die <a href=\"https:\/\/befit-gescher.de\/index.php\/datenschutzerklaerung\/\" >Datenschutzerkl\u00e4rung <\/a> gelesen und akzeptiert.*\n<\/p>\n<p><div class=\"cf7-cf-turnstile\" style=\"margin-top: 0px; margin-bottom: -15px;\"> <div id=\"cf-turnstile-cf7-2494306199\" class=\"cf-turnstile\" data-sitekey=\"0x4AAAAAACyoYjPXErSia2BI\" data-theme=\"light\" data-language=\"auto\" data-size=\"normal\" data-retry=\"auto\" data-retry-interval=\"1000\" data-refresh-expired=\"auto\" data-action=\"contact-form-7\" data-appearance=\"always\"><\/div> <script>document.addEventListener(\"DOMContentLoaded\", function() { setTimeout(function(){ var e=document.getElementById(\"cf-turnstile-cf7-2494306199\"); e&&!e.innerHTML.trim()&&(turnstile.remove(\"#cf-turnstile-cf7-2494306199\"), turnstile.render(\"#cf-turnstile-cf7-2494306199\", {sitekey:\"0x4AAAAAACyoYjPXErSia2BI\"})); }, 100); });<\/script> <br class=\"cf-turnstile-br cf-turnstile-br-cf7-2494306199\"> <style>#cf-turnstile-cf7-2494306199 { margin-left: -15px; }<\/style> <script>document.addEventListener(\"DOMContentLoaded\",function(){document.querySelectorAll('.wpcf7-form').forEach(function(e){e.addEventListener('submit',function(){if(document.getElementById('cf-turnstile-cf7-2494306199')){setTimeout(function(){turnstile.reset('#cf-turnstile-cf7-2494306199');},1000)}})})});<\/script> <\/div><br\/><input class=\"wpcf7-form-control wpcf7-submit has-spinner\" type=\"submit\" value=\"Senden\" \/>\n<\/p><input type='hidden' class='wpcf7-pum' value='{\"closepopup\":false,\"closedelay\":0,\"openpopup\":false,\"openpopup_id\":0}' \/><div class=\"wpcf7-response-output\" aria-hidden=\"true\"><\/div>\n<\/form>\n<\/div>\n\n<\/div>\n<\/div><\/div><\/div><div id=\"pgc-136-1-1\"  class=\"panel-grid-cell\" ><div id=\"panel-136-1-1-0\" class=\"so-panel widget widget_sow-editor panel-first-child panel-last-child\" data-index=\"2\" ><div\n\t\t\t\n\t\t\tclass=\"so-widget-sow-editor so-widget-sow-editor-base\"\n\t\t\t\n\t\t>\n<div class=\"siteorigin-widget-tinymce textwidget\">\n\t<p style=\"text-align: center;\">Ansprechpartner:<br \/>\nJulia Grabowski \/ Benedikt Grabowski<\/p>\n<p style=\"text-align: center;\">Telefon\/ Whatsapp:<br \/>\n<a href=\"tel:015737255294\">0157-37255294<\/a><\/p>\n<p style=\"text-align: center;\">Email:<br \/>\n<a href=\"mailto:info@befit-gescher.de\">info[at]befit-gescher.de<\/a><\/p>\n<\/div>\n<\/div><\/div><\/div><\/div><\/div><\/div>","protected":false},"excerpt":{"rendered":"<p>Du hast bereits Erfahrung als Trainer in einer Sportart gesammelt oder w\u00fcrdest gerne mit deinen Erfahrungen als Sch\u00fcler Trainer werden und einen Kurs leiten? Dann sprich uns an! Wir sind offen f\u00fcr alle Sportarten \u2013 von Yoga bis Thaiboxen ist bei uns alles m\u00f6glich. Schreib uns eine Mail und wir vereinbaren einen Termin, damit wir&hellip;<\/p>\n","protected":false},"author":1,"featured_media":233,"parent":0,"menu_order":150,"comment_status":"closed","ping_status":"closed","template":"","meta":{"footnotes":""},"class_list":["post-136","page","type-page","status-publish","has-post-thumbnail","hentry","post"],"_links":{"self":[{"href":"https:\/\/befit-gescher.de\/index.php\/wp-json\/wp\/v2\/pages\/136","targetHints":{"allow":["GET"]}}],"collection":[{"href":"https:\/\/befit-gescher.de\/index.php\/wp-json\/wp\/v2\/pages"}],"about":[{"href":"https:\/\/befit-gescher.de\/index.php\/wp-json\/wp\/v2\/types\/page"}],"author":[{"embeddable":true,"href":"https:\/\/befit-gescher.de\/index.php\/wp-json\/wp\/v2\/users\/1"}],"replies":[{"embeddable":true,"href":"https:\/\/befit-gescher.de\/index.php\/wp-json\/wp\/v2\/comments?post=136"}],"version-history":[{"count":6,"href":"https:\/\/befit-gescher.de\/index.php\/wp-json\/wp\/v2\/pages\/136\/revisions"}],"predecessor-version":[{"id":209,"href":"https:\/\/befit-gescher.de\/index.php\/wp-json\/wp\/v2\/pages\/136\/revisions\/209"}],"wp:featuredmedia":[{"embeddable":true,"href":"https:\/\/befit-gescher.de\/index.php\/wp-json\/wp\/v2\/media\/233"}],"wp:attachment":[{"href":"https:\/\/befit-gescher.de\/index.php\/wp-json\/wp\/v2\/media?parent=136"}],"curies":[{"name":"wp","href":"https:\/\/api.w.org\/{rel}","templated":true}]}}