{"id":131,"date":"2026-02-19T16:00:34","date_gmt":"2026-02-19T15:00:34","guid":{"rendered":"http:\/\/localhost:8888\/?page_id=131"},"modified":"2026-03-26T21:34:11","modified_gmt":"2026-03-26T20:34:11","slug":"ninjutsu","status":"publish","type":"page","link":"https:\/\/befit-gescher.de\/index.php\/ninjutsu\/","title":{"rendered":"Ninjutsu"},"content":{"rendered":"<div id=\"pl-131\"  class=\"panel-layout\" ><div id=\"pg-131-0\"  class=\"panel-grid panel-has-style\" ><div class=\"siteorigin-panels-stretch panel-width-m panel-row-style panel-row-style-for-131-0\" data-stretch-type=\"width_m\" ><div id=\"pgc-131-0-0\"  class=\"panel-grid-cell\" ><div id=\"panel-131-0-0-0\" class=\"so-panel widget widget_sow-editor panel-first-child panel-last-child\" data-index=\"0\" ><div\n\t\t\t\n\t\t\tclass=\"so-widget-sow-editor so-widget-sow-editor-base\"\n\t\t\t\n\t\t>\n<div class=\"siteorigin-widget-tinymce textwidget\">\n\t<h2 style=\"text-align: center;\" data-start=\"269\" data-end=\"380\">Finde deine Balance \u2013 Kampfkunst mit Tradition<\/h2>\n<\/div>\n<\/div><\/div><\/div><\/div><\/div><div id=\"pg-131-1\"  class=\"panel-grid panel-no-style\" ><div id=\"pgc-131-1-0\"  class=\"panel-grid-cell\" ><div id=\"panel-131-1-0-0\" class=\"so-panel widget widget_sow-editor panel-first-child panel-last-child\" data-index=\"1\" ><div\n\t\t\t\n\t\t\tclass=\"so-widget-sow-editor so-widget-sow-editor-base\"\n\t\t\t\n\t\t>\n<div class=\"siteorigin-widget-tinymce textwidget\">\n\t<p>Ninjutsu ist eine traditionelle japanische Kampfkunst, die K\u00f6rperbeherrschung, Konzentration und flie\u00dfende Bewegungen vereint. Im Training werden Balance, Koordination und K\u00f6rpergef\u00fchl geschult \u2013 mit dem Ziel, Kraft und Ruhe in Einklang zu bringen.<\/p>\n<p>Diese vielseitige Disziplin verbindet Tradition mit moderner Trainingspraxis und f\u00f6rdert K\u00f6rper und Geist gleicherma\u00dfen.<br \/>\nProbetraining:<\/p>\n<p>Selbstverst\u00e4ndlich kannst du oder dein Kind 2x kostenlos an unserem Training teilnehmen.<\/p>\n<p>Folgende Sachen werden f\u00fcrs Probetraining ben\u00f6tigt:<\/p>\n<ul>\n<li>Sporthose<\/li>\n<li>T-Shirt<\/li>\n<li>saubere Turnschuhe<\/li>\n<li>Getr\u00e4nk (Wasser o.\u00c4.)<\/li>\n<li>Unterschrift vom Erziehungsberechtigten<\/li>\n<\/ul>\n<p>Du brauchst keinen Termin f\u00fcr ein Probetraining, bitte sei 10 Minuten vor Beginn des Trainings vor Ort.<\/p>\n<\/div>\n<\/div><\/div><\/div><div id=\"pgc-131-1-1\"  class=\"panel-grid-cell\" ><div id=\"panel-131-1-1-0\" class=\"so-panel widget widget_sow-editor panel-first-child\" data-index=\"2\" ><div class=\"kurszeiten panel-widget-style panel-widget-style-for-131-1-1-0\" ><div\n\t\t\t\n\t\t\tclass=\"so-widget-sow-editor so-widget-sow-editor-base\"\n\t\t\t\n\t\t>\n<div class=\"siteorigin-widget-tinymce textwidget\">\n\t<h3>Kurszeiten:<\/h3>\n<p>Die aktuellen Kurszeiten sind in unserem <a href=\"https:\/\/befit-gescher.de\/index.php\/kursplan\/\">Kursplan<\/a> zu finden.<\/p>\n<\/div>\n<\/div><\/div><\/div><div id=\"panel-131-1-1-1\" class=\"so-panel widget widget_sow-image panel-last-child\" data-index=\"3\" ><div\n\t\t\t\n\t\t\tclass=\"so-widget-sow-image so-widget-sow-image-default-8b5b6f678277-131\"\n\t\t\t\n\t\t>\n<div class=\"sow-image-container\">\n\t\t<img \n\tsrc=\"https:\/\/befit-gescher.de\/wp-content\/uploads\/2026\/03\/befit-Ninjutsu.webp\" width=\"600\" height=\"600\" srcset=\"https:\/\/befit-gescher.de\/wp-content\/uploads\/2026\/03\/befit-Ninjutsu.webp 600w, https:\/\/befit-gescher.de\/wp-content\/uploads\/2026\/03\/befit-Ninjutsu-300x300.webp 300w, https:\/\/befit-gescher.de\/wp-content\/uploads\/2026\/03\/befit-Ninjutsu-150x150.webp 150w, https:\/\/befit-gescher.de\/wp-content\/uploads\/2026\/03\/befit-Ninjutsu-500x500.webp 500w\" sizes=\"(max-width: 600px) 100vw, 600px\" alt=\"\" \t\tclass=\"so-widget-image\"\/>\n\t<\/div>\n\n<\/div><\/div><\/div><\/div><div id=\"pg-131-2\"  class=\"panel-grid panel-has-style\" ><div class=\"no-margin-bottom siteorigin-panels-stretch panel-stretched-bg panel-row-style panel-row-style-for-131-2\" data-stretch-type=\"stretched_bg\" ><div id=\"pgc-131-2-0\"  class=\"panel-grid-cell\" ><div id=\"panel-131-2-0-0\" class=\"so-panel widget widget_sow-editor panel-first-child\" data-index=\"4\" ><div\n\t\t\t\n\t\t\tclass=\"so-widget-sow-editor so-widget-sow-editor-base\"\n\t\t\t\n\t\t>\n<div class=\"siteorigin-widget-tinymce textwidget\">\n\t<h2 class=\"elementor-heading-title elementor-size-default\" style=\"text-align: center;\">Trau dich \u2013 wir machen dich fit!\u200b<\/h2>\n<p style=\"text-align: center;\">St\u00e4rke, Ausdauer und Technik \u2013 alles in einem Training. Egal ob Anf\u00e4nger oder Fortgeschritten, bei uns bist du willkommen. Probier\u2019s aus beim kostenlosen Probetraining.\u200b<\/p>\n<\/div>\n<\/div><\/div><div id=\"panel-131-2-0-1\" class=\"so-panel widget widget_sow-button panel-last-child\" data-index=\"5\" ><div\n\t\t\t\n\t\t\tclass=\"so-widget-sow-button so-widget-sow-button-flat-66466acb9e12-131\"\n\t\t\t\n\t\t><div class=\"ow-button-base ow-button-align-center\"\n>\n\t\t\t<a\n\t\t\t\t\thref=\"https:\/\/befit-gescher.de\/index.php\/kontakt\/\"\n\t\t\t\t\tclass=\"sowb-button ow-icon-placement-left ow-button-hover\" \t>\n\t\t<span>\n\t\t\t\n\t\t\tKontakt\t\t<\/span>\n\t\t\t<\/a>\n\t<\/div>\n<\/div><\/div><\/div><\/div><\/div><\/div>","protected":false},"excerpt":{"rendered":"<p>Finde deine Balance \u2013 Kampfkunst mit Tradition Ninjutsu ist eine traditionelle japanische Kampfkunst, die K\u00f6rperbeherrschung, Konzentration und flie\u00dfende Bewegungen vereint. Im Training werden Balance, Koordination und K\u00f6rpergef\u00fchl geschult \u2013 mit dem Ziel, Kraft und Ruhe in Einklang zu bringen. Diese vielseitige Disziplin verbindet Tradition mit moderner Trainingspraxis und f\u00f6rdert K\u00f6rper und Geist gleicherma\u00dfen. Probetraining: Selbstverst\u00e4ndlich&hellip;<\/p>\n","protected":false},"author":1,"featured_media":233,"parent":0,"menu_order":130,"comment_status":"closed","ping_status":"closed","template":"","meta":{"footnotes":""},"class_list":["post-131","page","type-page","status-publish","has-post-thumbnail","hentry","post"],"_links":{"self":[{"href":"https:\/\/befit-gescher.de\/index.php\/wp-json\/wp\/v2\/pages\/131","targetHints":{"allow":["GET"]}}],"collection":[{"href":"https:\/\/befit-gescher.de\/index.php\/wp-json\/wp\/v2\/pages"}],"about":[{"href":"https:\/\/befit-gescher.de\/index.php\/wp-json\/wp\/v2\/types\/page"}],"author":[{"embeddable":true,"href":"https:\/\/befit-gescher.de\/index.php\/wp-json\/wp\/v2\/users\/1"}],"replies":[{"embeddable":true,"href":"https:\/\/befit-gescher.de\/index.php\/wp-json\/wp\/v2\/comments?post=131"}],"version-history":[{"count":4,"href":"https:\/\/befit-gescher.de\/index.php\/wp-json\/wp\/v2\/pages\/131\/revisions"}],"predecessor-version":[{"id":262,"href":"https:\/\/befit-gescher.de\/index.php\/wp-json\/wp\/v2\/pages\/131\/revisions\/262"}],"wp:featuredmedia":[{"embeddable":true,"href":"https:\/\/befit-gescher.de\/index.php\/wp-json\/wp\/v2\/media\/233"}],"wp:attachment":[{"href":"https:\/\/befit-gescher.de\/index.php\/wp-json\/wp\/v2\/media?parent=131"}],"curies":[{"name":"wp","href":"https:\/\/api.w.org\/{rel}","templated":true}]}}