{"id":129,"date":"2026-02-19T16:00:03","date_gmt":"2026-02-19T15:00:03","guid":{"rendered":"http:\/\/localhost:8888\/?page_id=129"},"modified":"2026-03-26T21:32:29","modified_gmt":"2026-03-26T20:32:29","slug":"krav-maga-erwachsene","status":"publish","type":"page","link":"https:\/\/befit-gescher.de\/index.php\/krav-maga-erwachsene\/","title":{"rendered":"Krav Maga Erwachsene"},"content":{"rendered":"<div id=\"pl-129\"  class=\"panel-layout\" ><div id=\"pg-129-0\"  class=\"panel-grid panel-has-style\" ><div class=\"siteorigin-panels-stretch panel-width-m panel-row-style panel-row-style-for-129-0\" data-stretch-type=\"width_m\" ><div id=\"pgc-129-0-0\"  class=\"panel-grid-cell\" ><div id=\"panel-129-0-0-0\" class=\"so-panel widget widget_sow-editor panel-first-child panel-last-child\" data-index=\"0\" ><div\n\t\t\t\n\t\t\tclass=\"so-widget-sow-editor so-widget-sow-editor-base\"\n\t\t\t\n\t\t>\n<div class=\"siteorigin-widget-tinymce textwidget\">\n\t<h2 style=\"text-align: center;\" data-start=\"269\" data-end=\"380\">Schnelle Reflexe, effektiver Schutz, volle Fitness<\/h2>\n<\/div>\n<\/div><\/div><\/div><\/div><\/div><div id=\"pg-129-1\"  class=\"panel-grid panel-no-style\" ><div id=\"pgc-129-1-0\"  class=\"panel-grid-cell\" ><div id=\"panel-129-1-0-0\" class=\"so-panel widget widget_sow-editor panel-first-child panel-last-child\" data-index=\"1\" ><div\n\t\t\t\n\t\t\tclass=\"so-widget-sow-editor so-widget-sow-editor-base\"\n\t\t\t\n\t\t>\n<div class=\"siteorigin-widget-tinymce textwidget\">\n\t<p>Selbstverteidigung f\u00fcr Erwachsene<br \/>\nKombination aus Verteidigungstechniken und Fitness<\/p>\n<p>Das Erwachsenentraining basiert auf einer Kombination von Ausdauer-, Technik- und Konditionstraining. Hier steht neben der k\u00f6rperlichen Fitness vor allem ein schnelles Reaktionsverm\u00f6gen im Fokus, um sich im Ernstfall schnell und effektiv verteidigen zu k\u00f6nnen.<\/p>\n<p>Neben den Verteidigungssystemen aus dem Krav Maga werden auch diverse Techniken aus dem Kickboxen erlernt. Um die eigene Kraft besser einsch\u00e4tzen zu k\u00f6nnen, das Selbstbewusstsein zu st\u00e4rken und eventuelle Ber\u00fchrungs\u00e4ngste zu verlieren, trainieren M\u00e4nner und Frauen bei uns gemeinsam. So ergibt sich f\u00fcr jede*n die M\u00f6glichkeit, die eigenen F\u00e4higkeiten unter realistischen Bedingungen zu trainieren, sich weiterzuentwickeln und Gefahren besser einzusch\u00e4tzen.<\/p>\n<p>Sp\u00e4ter gibt es f\u00fcr unsere Mitglieder die M\u00f6glichkeit, das eigene K\u00f6nnen im Rahmen einer Level-Pr\u00fcfung unter Beweis zu stellen.<\/p>\n<p>Solltet ihr Fragen zu unserem Erwachsenentraining haben, dann sprecht uns gerne an!<\/p>\n<p>Wir empfehlen folgende Schutzausr\u00fcstung: Boxhandschuhe, Schienbeinschoner, Tiefschutz, Mundschutz und einen Kopfschutz.<\/p>\n<p>Gerne beraten und helfen wir euch bei der Auswahl!<\/p>\n<h3>\nProbetraining:<\/h3>\n<p>Selbstverst\u00e4ndlich kannst du 2 x kostenlos an unserem Training teilnehmen.<\/p>\n<p>Folgende Sachen werden f\u00fcrs Probetraining ben\u00f6tigt:<\/p>\n<ul>\n<li>bequeme Sportsachen<\/li>\n<li>Getr\u00e4nk (Wasser o.\u00e4.)<\/li>\n<\/ul>\n<p>Du brauchst einen Termin f\u00fcr ein Probetraining.<\/p>\n<\/div>\n<\/div><\/div><\/div><div id=\"pgc-129-1-1\"  class=\"panel-grid-cell\" ><div id=\"panel-129-1-1-0\" class=\"so-panel widget widget_sow-editor panel-first-child\" data-index=\"2\" ><div class=\"kurszeiten panel-widget-style panel-widget-style-for-129-1-1-0\" ><div\n\t\t\t\n\t\t\tclass=\"so-widget-sow-editor so-widget-sow-editor-base\"\n\t\t\t\n\t\t>\n<div class=\"siteorigin-widget-tinymce textwidget\">\n\t<h3>Kurszeiten:<\/h3>\n<p>Die aktuellen Kurszeiten sind in unserem <a href=\"https:\/\/befit-gescher.de\/index.php\/kursplan\/\">Kursplan<\/a> zu finden.<\/p>\n<\/div>\n<\/div><\/div><\/div><div id=\"panel-129-1-1-1\" class=\"so-panel widget widget_sow-image panel-last-child\" data-index=\"3\" ><div\n\t\t\t\n\t\t\tclass=\"so-widget-sow-image so-widget-sow-image-default-8b5b6f678277-129\"\n\t\t\t\n\t\t>\n<div class=\"sow-image-container\">\n\t\t<img \n\tsrc=\"https:\/\/befit-gescher.de\/wp-content\/uploads\/2026\/03\/befit_kurse_action.webp\" width=\"453\" height=\"452\" srcset=\"https:\/\/befit-gescher.de\/wp-content\/uploads\/2026\/03\/befit_kurse_action.webp 453w, https:\/\/befit-gescher.de\/wp-content\/uploads\/2026\/03\/befit_kurse_action-300x300.webp 300w, https:\/\/befit-gescher.de\/wp-content\/uploads\/2026\/03\/befit_kurse_action-150x150.webp 150w\" sizes=\"(max-width: 453px) 100vw, 453px\" alt=\"\" \t\tclass=\"so-widget-image\"\/>\n\t<\/div>\n\n<\/div><\/div><\/div><\/div><div id=\"pg-129-2\"  class=\"panel-grid panel-has-style\" ><div class=\"no-margin-bottom siteorigin-panels-stretch panel-stretched-bg panel-row-style panel-row-style-for-129-2\" data-stretch-type=\"stretched_bg\" ><div id=\"pgc-129-2-0\"  class=\"panel-grid-cell\" ><div id=\"panel-129-2-0-0\" class=\"so-panel widget widget_sow-editor panel-first-child\" data-index=\"4\" ><div\n\t\t\t\n\t\t\tclass=\"so-widget-sow-editor so-widget-sow-editor-base\"\n\t\t\t\n\t\t>\n<div class=\"siteorigin-widget-tinymce textwidget\">\n\t<h2 class=\"elementor-heading-title elementor-size-default\" style=\"text-align: center;\">Trau dich \u2013 wir machen dich fit!\u200b<\/h2>\n<p style=\"text-align: center;\">St\u00e4rke, Ausdauer und Technik \u2013 alles in einem Training. Egal ob Anf\u00e4nger oder Fortgeschritten, bei uns bist du willkommen. Probier\u2019s aus beim kostenlosen Probetraining.\u200b<\/p>\n<\/div>\n<\/div><\/div><div id=\"panel-129-2-0-1\" class=\"so-panel widget widget_sow-button panel-last-child\" data-index=\"5\" ><div\n\t\t\t\n\t\t\tclass=\"so-widget-sow-button so-widget-sow-button-flat-66466acb9e12-129\"\n\t\t\t\n\t\t><div class=\"ow-button-base ow-button-align-center\"\n>\n\t\t\t<a\n\t\t\t\t\thref=\"https:\/\/befit-gescher.de\/index.php\/kontakt\/\"\n\t\t\t\t\tclass=\"sowb-button ow-icon-placement-left ow-button-hover\" \t>\n\t\t<span>\n\t\t\t\n\t\t\tKontakt\t\t<\/span>\n\t\t\t<\/a>\n\t<\/div>\n<\/div><\/div><\/div><\/div><\/div><\/div>","protected":false},"excerpt":{"rendered":"<p>Schnelle Reflexe, effektiver Schutz, volle Fitness Selbstverteidigung f\u00fcr Erwachsene Kombination aus Verteidigungstechniken und Fitness Das Erwachsenentraining basiert auf einer Kombination von Ausdauer-, Technik- und Konditionstraining. Hier steht neben der k\u00f6rperlichen Fitness vor allem ein schnelles Reaktionsverm\u00f6gen im Fokus, um sich im Ernstfall schnell und effektiv verteidigen zu k\u00f6nnen. Neben den Verteidigungssystemen aus dem Krav Maga&hellip;<\/p>\n","protected":false},"author":1,"featured_media":233,"parent":0,"menu_order":120,"comment_status":"closed","ping_status":"closed","template":"","meta":{"footnotes":""},"class_list":["post-129","page","type-page","status-publish","has-post-thumbnail","hentry","post"],"_links":{"self":[{"href":"https:\/\/befit-gescher.de\/index.php\/wp-json\/wp\/v2\/pages\/129","targetHints":{"allow":["GET"]}}],"collection":[{"href":"https:\/\/befit-gescher.de\/index.php\/wp-json\/wp\/v2\/pages"}],"about":[{"href":"https:\/\/befit-gescher.de\/index.php\/wp-json\/wp\/v2\/types\/page"}],"author":[{"embeddable":true,"href":"https:\/\/befit-gescher.de\/index.php\/wp-json\/wp\/v2\/users\/1"}],"replies":[{"embeddable":true,"href":"https:\/\/befit-gescher.de\/index.php\/wp-json\/wp\/v2\/comments?post=129"}],"version-history":[{"count":4,"href":"https:\/\/befit-gescher.de\/index.php\/wp-json\/wp\/v2\/pages\/129\/revisions"}],"predecessor-version":[{"id":261,"href":"https:\/\/befit-gescher.de\/index.php\/wp-json\/wp\/v2\/pages\/129\/revisions\/261"}],"wp:featuredmedia":[{"embeddable":true,"href":"https:\/\/befit-gescher.de\/index.php\/wp-json\/wp\/v2\/media\/233"}],"wp:attachment":[{"href":"https:\/\/befit-gescher.de\/index.php\/wp-json\/wp\/v2\/media?parent=129"}],"curies":[{"name":"wp","href":"https:\/\/api.w.org\/{rel}","templated":true}]}}