{"id":127,"date":"2026-02-19T15:59:31","date_gmt":"2026-02-19T14:59:31","guid":{"rendered":"http:\/\/localhost:8888\/?page_id=127"},"modified":"2026-03-26T21:29:02","modified_gmt":"2026-03-26T20:29:02","slug":"krav-maga-teenager","status":"publish","type":"page","link":"https:\/\/befit-gescher.de\/index.php\/krav-maga-teenager\/","title":{"rendered":"Krav Maga Teenager"},"content":{"rendered":"<div id=\"pl-127\"  class=\"panel-layout\" ><div id=\"pg-127-0\"  class=\"panel-grid panel-has-style\" ><div class=\"siteorigin-panels-stretch panel-width-m panel-row-style panel-row-style-for-127-0\" data-stretch-type=\"width_m\" ><div id=\"pgc-127-0-0\"  class=\"panel-grid-cell\" ><div id=\"panel-127-0-0-0\" class=\"so-panel widget widget_sow-editor panel-first-child panel-last-child\" data-index=\"0\" ><div\n\t\t\t\n\t\t\tclass=\"so-widget-sow-editor so-widget-sow-editor-base\"\n\t\t\t\n\t\t>\n<div class=\"siteorigin-widget-tinymce textwidget\">\n\t<h2 style=\"text-align: center;\" data-start=\"269\" data-end=\"380\">Sicher, selbstbewusst und stark von Anfang an<\/h2>\n<\/div>\n<\/div><\/div><\/div><\/div><\/div><div id=\"pg-127-1\"  class=\"panel-grid panel-no-style\" ><div id=\"pgc-127-1-0\"  class=\"panel-grid-cell\" ><div id=\"panel-127-1-0-0\" class=\"so-panel widget widget_sow-editor panel-first-child panel-last-child\" data-index=\"1\" ><div\n\t\t\t\n\t\t\tclass=\"so-widget-sow-editor so-widget-sow-editor-base\"\n\t\t\t\n\t\t>\n<div class=\"siteorigin-widget-tinymce textwidget\">\n\t<p>Selbstverteidigung f\u00fcr Kinder und Jugendliche<br \/>\nKind- und jugendgerechte Selbstverteidigung, die Spa\u00df machen soll<br \/>\nAltersbegrenzung von 10 bis 15 Jahren<\/p>\n<p>Um Kinder f\u00fcr die Thematik Selbstverteidigung \/Kampfkunst zu begeistern, steht ein abwechslungsreiches Training im Vordergrund. Im Gegensatz zum Erwachsenentraining sollen Kinder viele Techniken aus klassischen Kampfk\u00fcnsten erlernen, besonders Kickboxtechniken.<\/p>\n<p>Das Selbstbewusstsein soll, ebenso wie die Einsch\u00e4tzung von Gefahren, gest\u00e4rkt werden. Die Kinder sollen lernen, Konflikte zu vermeiden, sich jedoch, wenn n\u00f6tig, effektiv und angemessen zu verteidigen. Sp\u00e4ter werden den Jugendlichen verst\u00e4rkt Krav Maga Techniken beigebracht, die aus dem Bereich des Erwachsenentrainings kommen. Ebenso stehen Konditions- und Ausdauertraining auf dem Plan.<\/p>\n<p>Die Kickboxtechniken werden weiterhin gepflegt und intensiviert, um eine gesunde Grundlage f\u00fcr die Selbstverteidigung \/ den Kampfsport zu schaffen.<br \/>\nDieser Jugendkurs bietet die M\u00f6glichkeit, den \u201cSprung\u201d ins Erwachsenentraining zu schaffen.<\/p>\n<p>Wir empfehlen folgende Schutzausr\u00fcstung: Boxhandschuhe, Schienbeinschoner, Tiefschutz, Mundschutz und einen Kopfschutz.<\/p>\n<p>Gerne beraten und helfen wir euch bei der Auswahl!<\/p>\n<h3>Probetraining:<\/h3>\n<p>Selbstverst\u00e4ndlich kann Ihr Kind 2 x kostenlos an unserem Training teilnehmen.<\/p>\n<p>Folgende Sachen werden f\u00fcrs Probetraining ben\u00f6tigt:<br \/>\n\u2013 bequeme Sportsachen<br \/>\n\u2013 Getr\u00e4nk (Wasser o.\u00e4.)<br \/>\n\u2013 Unterschrift vom Erziehungsberechtigten<\/p>\n<p>Du brauchst einen Termin f\u00fcr ein Probetraining.<\/p>\n<\/div>\n<\/div><\/div><\/div><div id=\"pgc-127-1-1\"  class=\"panel-grid-cell\" ><div id=\"panel-127-1-1-0\" class=\"so-panel widget widget_sow-editor panel-first-child\" data-index=\"2\" ><div class=\"kurszeiten panel-widget-style panel-widget-style-for-127-1-1-0\" ><div\n\t\t\t\n\t\t\tclass=\"so-widget-sow-editor so-widget-sow-editor-base\"\n\t\t\t\n\t\t>\n<div class=\"siteorigin-widget-tinymce textwidget\">\n\t<h3>Kurszeiten:<\/h3>\n<p>Die aktuellen Kurszeiten sind in unserem <a href=\"https:\/\/befit-gescher.de\/index.php\/kursplan\/\">Kursplan<\/a> zu finden.<\/p>\n<\/div>\n<\/div><\/div><\/div><div id=\"panel-127-1-1-1\" class=\"so-panel widget widget_sow-image panel-last-child\" data-index=\"3\" ><div\n\t\t\t\n\t\t\tclass=\"so-widget-sow-image so-widget-sow-image-default-8b5b6f678277-127\"\n\t\t\t\n\t\t>\n<div class=\"sow-image-container\">\n\t\t<img \n\tsrc=\"https:\/\/befit-gescher.de\/wp-content\/uploads\/2026\/03\/befit_kurse_krav-maga.webp\" width=\"556\" height=\"556\" srcset=\"https:\/\/befit-gescher.de\/wp-content\/uploads\/2026\/03\/befit_kurse_krav-maga.webp 556w, https:\/\/befit-gescher.de\/wp-content\/uploads\/2026\/03\/befit_kurse_krav-maga-300x300.webp 300w, https:\/\/befit-gescher.de\/wp-content\/uploads\/2026\/03\/befit_kurse_krav-maga-150x150.webp 150w, https:\/\/befit-gescher.de\/wp-content\/uploads\/2026\/03\/befit_kurse_krav-maga-500x500.webp 500w\" sizes=\"(max-width: 556px) 100vw, 556px\" alt=\"\" \t\tclass=\"so-widget-image\"\/>\n\t<\/div>\n\n<\/div><\/div><\/div><\/div><div id=\"pg-127-2\"  class=\"panel-grid panel-has-style\" ><div class=\"no-margin-bottom siteorigin-panels-stretch panel-stretched-bg panel-row-style panel-row-style-for-127-2\" data-stretch-type=\"stretched_bg\" ><div id=\"pgc-127-2-0\"  class=\"panel-grid-cell\" ><div id=\"panel-127-2-0-0\" class=\"so-panel widget widget_sow-editor panel-first-child\" data-index=\"4\" ><div\n\t\t\t\n\t\t\tclass=\"so-widget-sow-editor so-widget-sow-editor-base\"\n\t\t\t\n\t\t>\n<div class=\"siteorigin-widget-tinymce textwidget\">\n\t<h2 class=\"elementor-heading-title elementor-size-default\" style=\"text-align: center;\">Trau dich \u2013 wir machen dich fit!\u200b<\/h2>\n<p style=\"text-align: center;\">St\u00e4rke, Ausdauer und Technik \u2013 alles in einem Training. Egal ob Anf\u00e4nger oder Fortgeschritten, bei uns bist du willkommen. Probier\u2019s aus beim kostenlosen Probetraining.\u200b<\/p>\n<\/div>\n<\/div><\/div><div id=\"panel-127-2-0-1\" class=\"so-panel widget widget_sow-button panel-last-child\" data-index=\"5\" ><div\n\t\t\t\n\t\t\tclass=\"so-widget-sow-button so-widget-sow-button-flat-66466acb9e12-127\"\n\t\t\t\n\t\t><div class=\"ow-button-base ow-button-align-center\"\n>\n\t\t\t<a\n\t\t\t\t\thref=\"https:\/\/befit-gescher.de\/index.php\/kontakt\/\"\n\t\t\t\t\tclass=\"sowb-button ow-icon-placement-left ow-button-hover\" \t>\n\t\t<span>\n\t\t\t\n\t\t\tKontakt\t\t<\/span>\n\t\t\t<\/a>\n\t<\/div>\n<\/div><\/div><\/div><\/div><\/div><\/div>","protected":false},"excerpt":{"rendered":"<p>Sicher, selbstbewusst und stark von Anfang an Selbstverteidigung f\u00fcr Kinder und Jugendliche Kind- und jugendgerechte Selbstverteidigung, die Spa\u00df machen soll Altersbegrenzung von 10 bis 15 Jahren Um Kinder f\u00fcr die Thematik Selbstverteidigung \/Kampfkunst zu begeistern, steht ein abwechslungsreiches Training im Vordergrund. Im Gegensatz zum Erwachsenentraining sollen Kinder viele Techniken aus klassischen Kampfk\u00fcnsten erlernen, besonders Kickboxtechniken.&hellip;<\/p>\n","protected":false},"author":1,"featured_media":233,"parent":0,"menu_order":110,"comment_status":"closed","ping_status":"closed","template":"","meta":{"footnotes":""},"class_list":["post-127","page","type-page","status-publish","has-post-thumbnail","hentry","post"],"_links":{"self":[{"href":"https:\/\/befit-gescher.de\/index.php\/wp-json\/wp\/v2\/pages\/127","targetHints":{"allow":["GET"]}}],"collection":[{"href":"https:\/\/befit-gescher.de\/index.php\/wp-json\/wp\/v2\/pages"}],"about":[{"href":"https:\/\/befit-gescher.de\/index.php\/wp-json\/wp\/v2\/types\/page"}],"author":[{"embeddable":true,"href":"https:\/\/befit-gescher.de\/index.php\/wp-json\/wp\/v2\/users\/1"}],"replies":[{"embeddable":true,"href":"https:\/\/befit-gescher.de\/index.php\/wp-json\/wp\/v2\/comments?post=127"}],"version-history":[{"count":4,"href":"https:\/\/befit-gescher.de\/index.php\/wp-json\/wp\/v2\/pages\/127\/revisions"}],"predecessor-version":[{"id":260,"href":"https:\/\/befit-gescher.de\/index.php\/wp-json\/wp\/v2\/pages\/127\/revisions\/260"}],"wp:featuredmedia":[{"embeddable":true,"href":"https:\/\/befit-gescher.de\/index.php\/wp-json\/wp\/v2\/media\/233"}],"wp:attachment":[{"href":"https:\/\/befit-gescher.de\/index.php\/wp-json\/wp\/v2\/media?parent=127"}],"curies":[{"name":"wp","href":"https:\/\/api.w.org\/{rel}","templated":true}]}}