{"id":123,"date":"2026-02-19T15:58:40","date_gmt":"2026-02-19T14:58:40","guid":{"rendered":"http:\/\/localhost:8888\/?page_id=123"},"modified":"2026-03-26T21:21:54","modified_gmt":"2026-03-26T20:21:54","slug":"little-tigers","status":"publish","type":"page","link":"https:\/\/befit-gescher.de\/index.php\/little-tigers\/","title":{"rendered":"Little Tigers"},"content":{"rendered":"<div id=\"pl-123\"  class=\"panel-layout\" ><div id=\"pg-123-0\"  class=\"panel-grid panel-has-style\" ><div class=\"siteorigin-panels-stretch panel-width-m panel-row-style panel-row-style-for-123-0\" data-stretch-type=\"width_m\" ><div id=\"pgc-123-0-0\"  class=\"panel-grid-cell\" ><div id=\"panel-123-0-0-0\" class=\"so-panel widget widget_sow-editor panel-first-child panel-last-child\" data-index=\"0\" ><div\n\t\t\t\n\t\t\tclass=\"so-widget-sow-editor so-widget-sow-editor-base\"\n\t\t\t\n\t\t>\n<div class=\"siteorigin-widget-tinymce textwidget\">\n\t<h2 style=\"text-align: center;\" data-start=\"269\" data-end=\"380\">Kinder Thai-\/Kickboxen in Gescher<\/h2>\n<\/div>\n<\/div><\/div><\/div><\/div><\/div><div id=\"pg-123-1\"  class=\"panel-grid panel-no-style\" ><div id=\"pgc-123-1-0\"  class=\"panel-grid-cell\" ><div id=\"panel-123-1-0-0\" class=\"so-panel widget widget_sow-editor panel-first-child panel-last-child\" data-index=\"1\" ><div\n\t\t\t\n\t\t\tclass=\"so-widget-sow-editor so-widget-sow-editor-base\"\n\t\t\t\n\t\t>\n<div class=\"siteorigin-widget-tinymce textwidget\">\n\t<p>Kickboxen f\u00fcr kleine K\u00e4mpfer Altersbegrenzung von 6 bis 9 Jahren<\/p>\n<p>Bei uns erlernt dein Kind mit Spiel und Spa\u00df die Techniken des Kickboxens.<br \/>\nZeitgleich schulen wir Fitness, Teamgeist, Selbstbewusstsein und Fairness!<\/p>\n<p>Es wird folgende Schutzausr\u00fcstung ben\u00f6tigt: Boxhandschuhe, Schienbeinschoner, Tiefschutz, Zahnschutz und einen Kopfschutz.<br \/>\nGerne beraten und helfen wir euch bei der Auswahl!<\/p>\n<p>Probetraining:<\/p>\n<p>Selbstverst\u00e4ndlich kann dein Kind 2 x kostenlos an unserem Training teilnehmen.<\/p>\n<p>Folgende Sachen werden f\u00fcrs Probetraining ben\u00f6tigt:<br \/>\n\u2013 kurze Sporthose<br \/>\n\u2013 T-Shirt<br \/>\n\u2013 Getr\u00e4nk (Wasser o.\u00e4.)<br \/>\n\u2013 Unterschrift vom Erziehungsberechtigten<\/p>\n<p>Du brauchst einen Termin f\u00fcr ein Probetraining, bitte sei nach Erhalt eines Termines mit deinem Kind 10 Minuten vor Beginn des Trainings vor Ort.<\/p>\n<\/div>\n<\/div><\/div><\/div><div id=\"pgc-123-1-1\"  class=\"panel-grid-cell\" ><div id=\"panel-123-1-1-0\" class=\"so-panel widget widget_sow-editor panel-first-child\" data-index=\"2\" ><div class=\"kurszeiten panel-widget-style panel-widget-style-for-123-1-1-0\" ><div\n\t\t\t\n\t\t\tclass=\"so-widget-sow-editor so-widget-sow-editor-base\"\n\t\t\t\n\t\t>\n<div class=\"siteorigin-widget-tinymce textwidget\">\n\t<h3>Kurszeiten:<\/h3>\n<p><strong>Little Tigers 1<\/strong><br \/>\nMo: 16:00 \u2013 17:00 Uhr<br \/>\nMi:\u00a0 16:00 \u2013 17:00 Uhr<\/p>\n<p><strong>Little Tigers 2<\/strong><br \/>\nDi: 17:00 \u2013 18:00 Uhr<br \/>\nDo: 17:00 \u2013 18:00 Uhr<\/p>\n<\/div>\n<\/div><\/div><\/div><div id=\"panel-123-1-1-1\" class=\"so-panel widget widget_sow-image panel-last-child\" data-index=\"3\" ><div\n\t\t\t\n\t\t\tclass=\"so-widget-sow-image so-widget-sow-image-default-8b5b6f678277-123\"\n\t\t\t\n\t\t>\n<div class=\"sow-image-container\">\n\t\t<img \n\tsrc=\"https:\/\/befit-gescher.de\/wp-content\/uploads\/2026\/03\/befit_kurse_littletigers-768x768.webp\" width=\"768\" height=\"768\" srcset=\"https:\/\/befit-gescher.de\/wp-content\/uploads\/2026\/03\/befit_kurse_littletigers-768x768.webp 768w, https:\/\/befit-gescher.de\/wp-content\/uploads\/2026\/03\/befit_kurse_littletigers-300x300.webp 300w, https:\/\/befit-gescher.de\/wp-content\/uploads\/2026\/03\/befit_kurse_littletigers-1024x1024.webp 1024w, https:\/\/befit-gescher.de\/wp-content\/uploads\/2026\/03\/befit_kurse_littletigers-150x150.webp 150w, https:\/\/befit-gescher.de\/wp-content\/uploads\/2026\/03\/befit_kurse_littletigers-500x500.webp 500w, https:\/\/befit-gescher.de\/wp-content\/uploads\/2026\/03\/befit_kurse_littletigers.webp 1341w\" sizes=\"(max-width: 768px) 100vw, 768px\" alt=\"\" \t\tclass=\"so-widget-image\"\/>\n\t<\/div>\n\n<\/div><\/div><\/div><\/div><div id=\"pg-123-2\"  class=\"panel-grid panel-has-style\" ><div class=\"no-margin-bottom siteorigin-panels-stretch panel-stretched-bg panel-row-style panel-row-style-for-123-2\" data-stretch-type=\"stretched_bg\" ><div id=\"pgc-123-2-0\"  class=\"panel-grid-cell\" ><div id=\"panel-123-2-0-0\" class=\"so-panel widget widget_sow-editor panel-first-child\" data-index=\"4\" ><div\n\t\t\t\n\t\t\tclass=\"so-widget-sow-editor so-widget-sow-editor-base\"\n\t\t\t\n\t\t>\n<div class=\"siteorigin-widget-tinymce textwidget\">\n\t<h2 class=\"elementor-heading-title elementor-size-default\" style=\"text-align: center;\">Trau dich \u2013 wir machen dich fit!\u200b<\/h2>\n<p style=\"text-align: center;\">St\u00e4rke, Ausdauer und Technik \u2013 alles in einem Training. Egal ob Anf\u00e4nger oder Fortgeschritten, bei uns bist du willkommen. Probier\u2019s aus beim kostenlosen Probetraining.\u200b<\/p>\n<\/div>\n<\/div><\/div><div id=\"panel-123-2-0-1\" class=\"so-panel widget widget_sow-button panel-last-child\" data-index=\"5\" ><div\n\t\t\t\n\t\t\tclass=\"so-widget-sow-button so-widget-sow-button-flat-66466acb9e12-123\"\n\t\t\t\n\t\t><div class=\"ow-button-base ow-button-align-center\"\n>\n\t\t\t<a\n\t\t\t\t\thref=\"https:\/\/befit-gescher.de\/index.php\/kontakt\/\"\n\t\t\t\t\tclass=\"sowb-button ow-icon-placement-left ow-button-hover\" \t>\n\t\t<span>\n\t\t\t\n\t\t\tKontakt\t\t<\/span>\n\t\t\t<\/a>\n\t<\/div>\n<\/div><\/div><\/div><\/div><\/div><\/div>","protected":false},"excerpt":{"rendered":"<p>Kinder Thai-\/Kickboxen in Gescher Kickboxen f\u00fcr kleine K\u00e4mpfer Altersbegrenzung von 6 bis 9 Jahren Bei uns erlernt dein Kind mit Spiel und Spa\u00df die Techniken des Kickboxens. Zeitgleich schulen wir Fitness, Teamgeist, Selbstbewusstsein und Fairness! Es wird folgende Schutzausr\u00fcstung ben\u00f6tigt: Boxhandschuhe, Schienbeinschoner, Tiefschutz, Zahnschutz und einen Kopfschutz. Gerne beraten und helfen wir euch bei der&hellip;<\/p>\n","protected":false},"author":1,"featured_media":233,"parent":0,"menu_order":80,"comment_status":"closed","ping_status":"closed","template":"","meta":{"footnotes":""},"class_list":["post-123","page","type-page","status-publish","has-post-thumbnail","hentry","post"],"_links":{"self":[{"href":"https:\/\/befit-gescher.de\/index.php\/wp-json\/wp\/v2\/pages\/123","targetHints":{"allow":["GET"]}}],"collection":[{"href":"https:\/\/befit-gescher.de\/index.php\/wp-json\/wp\/v2\/pages"}],"about":[{"href":"https:\/\/befit-gescher.de\/index.php\/wp-json\/wp\/v2\/types\/page"}],"author":[{"embeddable":true,"href":"https:\/\/befit-gescher.de\/index.php\/wp-json\/wp\/v2\/users\/1"}],"replies":[{"embeddable":true,"href":"https:\/\/befit-gescher.de\/index.php\/wp-json\/wp\/v2\/comments?post=123"}],"version-history":[{"count":4,"href":"https:\/\/befit-gescher.de\/index.php\/wp-json\/wp\/v2\/pages\/123\/revisions"}],"predecessor-version":[{"id":256,"href":"https:\/\/befit-gescher.de\/index.php\/wp-json\/wp\/v2\/pages\/123\/revisions\/256"}],"wp:featuredmedia":[{"embeddable":true,"href":"https:\/\/befit-gescher.de\/index.php\/wp-json\/wp\/v2\/media\/233"}],"wp:attachment":[{"href":"https:\/\/befit-gescher.de\/index.php\/wp-json\/wp\/v2\/media?parent=123"}],"curies":[{"name":"wp","href":"https:\/\/api.w.org\/{rel}","templated":true}]}}