{"id":121,"date":"2026-02-19T15:58:20","date_gmt":"2026-02-19T14:58:20","guid":{"rendered":"http:\/\/localhost:8888\/?page_id=121"},"modified":"2026-03-26T21:20:42","modified_gmt":"2026-03-26T20:20:42","slug":"bbp","status":"publish","type":"page","link":"https:\/\/befit-gescher.de\/index.php\/bbp\/","title":{"rendered":"BBP"},"content":{"rendered":"<div id=\"pl-121\"  class=\"panel-layout\" ><div id=\"pg-121-0\"  class=\"panel-grid panel-has-style\" ><div class=\"siteorigin-panels-stretch panel-width-m panel-row-style panel-row-style-for-121-0\" data-stretch-type=\"width_m\" ><div id=\"pgc-121-0-0\"  class=\"panel-grid-cell\" ><div id=\"panel-121-0-0-0\" class=\"so-panel widget widget_sow-editor panel-first-child panel-last-child\" data-index=\"0\" ><div\n\t\t\t\n\t\t\tclass=\"so-widget-sow-editor so-widget-sow-editor-base\"\n\t\t\t\n\t\t>\n<div class=\"siteorigin-widget-tinymce textwidget\">\n\t<h2 style=\"text-align: center;\" data-start=\"269\" data-end=\"380\">Gezieltes Training f\u00fcr Bauch, Beine und Po<\/h2>\n<\/div>\n<\/div><\/div><\/div><\/div><\/div><div id=\"pg-121-1\"  class=\"panel-grid panel-no-style\" ><div id=\"pgc-121-1-0\"  class=\"panel-grid-cell\" ><div id=\"panel-121-1-0-0\" class=\"so-panel widget widget_sow-editor panel-first-child panel-last-child\" data-index=\"1\" ><div\n\t\t\t\n\t\t\tclass=\"so-widget-sow-editor so-widget-sow-editor-base\"\n\t\t\t\n\t\t>\n<div class=\"siteorigin-widget-tinymce textwidget\">\n\t<h3 data-start=\"269\" data-end=\"380\">Mehr Kraft, Straffung und Wohlbefinden f\u00fcr deinen K\u00f6rper<\/h3>\n<p>Unser BBP-Kurs in Gescher (Bauch, Beine, Po) bietet dir ein effektives Ganzk\u00f6rpertraining mit Fokus auf die klassischen Problemzonen. Durch gezielte Kr\u00e4ftigungs\u00fcbungen werden deine Muskeln gestrafft, die K\u00f6rperhaltung verbessert und die Fettverbrennung angeregt. Das Training ist abwechslungsreich, macht Spa\u00df und sorgt f\u00fcr ein rundum gutes K\u00f6rpergef\u00fchl.<\/p>\n<p>Egal, ob du Einsteiger:in bist oder bereits regelm\u00e4\u00dfig trainierst \u2013 die \u00dcbungen werden individuell angepasst, sodass jede:r im eigenen Tempo mitmachen kann. Unter Anleitung unserer erfahrenen Trainer:innen arbeitest du mit dem eigenen K\u00f6rpergewicht oder leichten Zusatzger\u00e4ten wie Hanteln, B\u00e4ndern oder Steppern.<\/p>\n<p>Das BBP-Training verbessert nicht nur Kraft und Ausdauer, sondern st\u00e4rkt auch das Bindegewebe und sorgt f\u00fcr mehr Stabilit\u00e4t im Alltag.<br \/>\nPerfekt f\u00fcr alle, die fit werden, sich wohler f\u00fchlen und ihren K\u00f6rper gezielt formen m\u00f6chten.<\/p>\n<p>&nbsp;<\/p>\n<\/div>\n<\/div><\/div><\/div><div id=\"pgc-121-1-1\"  class=\"panel-grid-cell\" ><div id=\"panel-121-1-1-0\" class=\"so-panel widget widget_sow-editor panel-first-child\" data-index=\"2\" ><div class=\"kurszeiten panel-widget-style panel-widget-style-for-121-1-1-0\" ><div\n\t\t\t\n\t\t\tclass=\"so-widget-sow-editor so-widget-sow-editor-base\"\n\t\t\t\n\t\t>\n<div class=\"siteorigin-widget-tinymce textwidget\">\n\t<h3>Kurszeiten:<\/h3>\n<p>Die aktuellen Kurszeiten sind in unserem <a href=\"https:\/\/befit-gescher.de\/index.php\/kursplan\/\">Kursplan<\/a> zu finden.<\/p>\n<\/div>\n<\/div><\/div><\/div><div id=\"panel-121-1-1-1\" class=\"so-panel widget widget_sow-image panel-last-child\" data-index=\"3\" ><div\n\t\t\t\n\t\t\tclass=\"so-widget-sow-image so-widget-sow-image-default-8b5b6f678277-121\"\n\t\t\t\n\t\t>\n<div class=\"sow-image-container\">\n\t\t<img \n\tsrc=\"https:\/\/befit-gescher.de\/wp-content\/uploads\/2026\/03\/befit-BauchBeinePo.webp\" width=\"600\" height=\"600\" srcset=\"https:\/\/befit-gescher.de\/wp-content\/uploads\/2026\/03\/befit-BauchBeinePo.webp 600w, https:\/\/befit-gescher.de\/wp-content\/uploads\/2026\/03\/befit-BauchBeinePo-300x300.webp 300w, https:\/\/befit-gescher.de\/wp-content\/uploads\/2026\/03\/befit-BauchBeinePo-150x150.webp 150w, https:\/\/befit-gescher.de\/wp-content\/uploads\/2026\/03\/befit-BauchBeinePo-500x500.webp 500w\" sizes=\"(max-width: 600px) 100vw, 600px\" alt=\"\" \t\tclass=\"so-widget-image\"\/>\n\t<\/div>\n\n<\/div><\/div><\/div><\/div><div id=\"pg-121-2\"  class=\"panel-grid panel-has-style\" ><div class=\"no-margin-bottom siteorigin-panels-stretch panel-stretched-bg panel-row-style panel-row-style-for-121-2\" data-stretch-type=\"stretched_bg\" ><div id=\"pgc-121-2-0\"  class=\"panel-grid-cell\" ><div id=\"panel-121-2-0-0\" class=\"so-panel widget widget_sow-editor panel-first-child\" data-index=\"4\" ><div\n\t\t\t\n\t\t\tclass=\"so-widget-sow-editor so-widget-sow-editor-base\"\n\t\t\t\n\t\t>\n<div class=\"siteorigin-widget-tinymce textwidget\">\n\t<h2 style=\"text-align: center;\">Starte jetzt dein BBP-Training!<\/h2>\n<p style=\"text-align: center;\">Lust auf mehr Energie, Kraft und Wohlbefinden?<br \/>\nDann sichere dir jetzt deinen Platz im BBP-Kurs!<\/p>\n<\/div>\n<\/div><\/div><div id=\"panel-121-2-0-1\" class=\"so-panel widget widget_sow-button panel-last-child\" data-index=\"5\" ><div\n\t\t\t\n\t\t\tclass=\"so-widget-sow-button so-widget-sow-button-flat-66466acb9e12-121\"\n\t\t\t\n\t\t><div class=\"ow-button-base ow-button-align-center\"\n>\n\t\t\t<a\n\t\t\t\t\thref=\"https:\/\/befit-gescher.de\/index.php\/kontakt\/\"\n\t\t\t\t\tclass=\"sowb-button ow-icon-placement-left ow-button-hover\" \t>\n\t\t<span>\n\t\t\t\n\t\t\tKontakt\t\t<\/span>\n\t\t\t<\/a>\n\t<\/div>\n<\/div><\/div><\/div><\/div><\/div><\/div>","protected":false},"excerpt":{"rendered":"<p>Gezieltes Training f\u00fcr Bauch, Beine und Po Mehr Kraft, Straffung und Wohlbefinden f\u00fcr deinen K\u00f6rper Unser BBP-Kurs in Gescher (Bauch, Beine, Po) bietet dir ein effektives Ganzk\u00f6rpertraining mit Fokus auf die klassischen Problemzonen. Durch gezielte Kr\u00e4ftigungs\u00fcbungen werden deine Muskeln gestrafft, die K\u00f6rperhaltung verbessert und die Fettverbrennung angeregt. Das Training ist abwechslungsreich, macht Spa\u00df und sorgt&hellip;<\/p>\n","protected":false},"author":1,"featured_media":233,"parent":0,"menu_order":70,"comment_status":"closed","ping_status":"closed","template":"","meta":{"footnotes":""},"class_list":["post-121","page","type-page","status-publish","has-post-thumbnail","hentry","post"],"_links":{"self":[{"href":"https:\/\/befit-gescher.de\/index.php\/wp-json\/wp\/v2\/pages\/121","targetHints":{"allow":["GET"]}}],"collection":[{"href":"https:\/\/befit-gescher.de\/index.php\/wp-json\/wp\/v2\/pages"}],"about":[{"href":"https:\/\/befit-gescher.de\/index.php\/wp-json\/wp\/v2\/types\/page"}],"author":[{"embeddable":true,"href":"https:\/\/befit-gescher.de\/index.php\/wp-json\/wp\/v2\/users\/1"}],"replies":[{"embeddable":true,"href":"https:\/\/befit-gescher.de\/index.php\/wp-json\/wp\/v2\/comments?post=121"}],"version-history":[{"count":4,"href":"https:\/\/befit-gescher.de\/index.php\/wp-json\/wp\/v2\/pages\/121\/revisions"}],"predecessor-version":[{"id":255,"href":"https:\/\/befit-gescher.de\/index.php\/wp-json\/wp\/v2\/pages\/121\/revisions\/255"}],"wp:featuredmedia":[{"embeddable":true,"href":"https:\/\/befit-gescher.de\/index.php\/wp-json\/wp\/v2\/media\/233"}],"wp:attachment":[{"href":"https:\/\/befit-gescher.de\/index.php\/wp-json\/wp\/v2\/media?parent=121"}],"curies":[{"name":"wp","href":"https:\/\/api.w.org\/{rel}","templated":true}]}}