{"id":119,"date":"2026-02-19T15:58:05","date_gmt":"2026-02-19T14:58:05","guid":{"rendered":"http:\/\/localhost:8888\/?page_id=119"},"modified":"2026-03-26T21:19:46","modified_gmt":"2026-03-26T20:19:46","slug":"bodyforming","status":"publish","type":"page","link":"https:\/\/befit-gescher.de\/index.php\/bodyforming\/","title":{"rendered":"Bodyforming"},"content":{"rendered":"<div id=\"pl-119\"  class=\"panel-layout\" ><div id=\"pg-119-0\"  class=\"panel-grid panel-has-style\" ><div class=\"siteorigin-panels-stretch panel-width-m panel-row-style panel-row-style-for-119-0\" data-stretch-type=\"width_m\" ><div id=\"pgc-119-0-0\"  class=\"panel-grid-cell\" ><div id=\"panel-119-0-0-0\" class=\"so-panel widget widget_sow-editor panel-first-child panel-last-child\" data-index=\"0\" ><div\n\t\t\t\n\t\t\tclass=\"so-widget-sow-editor so-widget-sow-editor-base\"\n\t\t\t\n\t\t>\n<div class=\"siteorigin-widget-tinymce textwidget\">\n\t<h2 style=\"text-align: center;\" data-start=\"270\" data-end=\"411\">Ganzk\u00f6rpertraining f\u00fcr mehr Kraft, Definition und Energie<\/h2>\n<\/div>\n<\/div><\/div><\/div><\/div><\/div><div id=\"pg-119-1\"  class=\"panel-grid panel-no-style\" ><div id=\"pgc-119-1-0\"  class=\"panel-grid-cell\" ><div id=\"panel-119-1-0-0\" class=\"so-panel widget widget_sow-editor panel-first-child panel-last-child\" data-index=\"1\" ><div\n\t\t\t\n\t\t\tclass=\"so-widget-sow-editor so-widget-sow-editor-base\"\n\t\t\t\n\t\t>\n<div class=\"siteorigin-widget-tinymce textwidget\">\n\t<h3 data-start=\"270\" data-end=\"411\">Forme deinen K\u00f6rper \u2013 effektiv, abwechslungsreich und mit Spa\u00df<\/h3>\n<p>Unser Bodyforming-Kurs in Gescher ist das ideale Training f\u00fcr alle, die ihren K\u00f6rper gezielt formen und straffen m\u00f6chten. In diesem abwechslungsreichen Workout kombinieren wir Kraft- und Ausdauer\u00fcbungen, um Fett zu verbrennen, Muskeln zu kr\u00e4ftigen und deine allgemeine Fitness zu verbessern.<\/p>\n<p>Das Training spricht alle Muskelgruppen an \u2013 von Bauch, R\u00fccken und Beinen bis zu Armen und Schultern. Durch den Einsatz von Kleinger\u00e4ten wie Hanteln, B\u00e4ndern oder Steppern sowie funktionellen \u00dcbungen mit dem eigenen K\u00f6rpergewicht erreichst du maximale Wirkung in kurzer Zeit.<\/p>\n<p>Ob Einsteiger:in oder Fortgeschrittene:r \u2013 jede Einheit ist so aufgebaut, dass du individuell gefordert wirst und im eigenen Tempo mittrainieren kannst. Unter Anleitung unserer erfahrenen Trainer:innen trainierst du sicher, motiviert und mit Spa\u00df in der Gruppe.<\/p>\n<p>Bodyforming sorgt nicht nur f\u00fcr eine sichtbare Ver\u00e4nderung deines K\u00f6rpers, sondern steigert auch dein Wohlbefinden, deine Haltung und dein Selbstbewusstsein.<br \/>\nEin Kurs f\u00fcr alle, die fit werden, sich st\u00e4rker f\u00fchlen und ihre Figur gezielt verbessern m\u00f6chten.<\/p>\n<p>&nbsp;<\/p>\n<\/div>\n<\/div><\/div><\/div><div id=\"pgc-119-1-1\"  class=\"panel-grid-cell\" ><div id=\"panel-119-1-1-0\" class=\"so-panel widget widget_sow-editor panel-first-child\" data-index=\"2\" ><div class=\"kurszeiten panel-widget-style panel-widget-style-for-119-1-1-0\" ><div\n\t\t\t\n\t\t\tclass=\"so-widget-sow-editor so-widget-sow-editor-base\"\n\t\t\t\n\t\t>\n<div class=\"siteorigin-widget-tinymce textwidget\">\n\t<h3>Kurszeiten:<\/h3>\n<p>Die aktuellen Kurszeiten sind in unserem <a href=\"https:\/\/befit-gescher.de\/index.php\/kursplan\/\">Kursplan<\/a> zu finden.<\/p>\n<\/div>\n<\/div><\/div><\/div><div id=\"panel-119-1-1-1\" class=\"so-panel widget widget_sow-image panel-last-child\" data-index=\"3\" ><div\n\t\t\t\n\t\t\tclass=\"so-widget-sow-image so-widget-sow-image-default-8b5b6f678277-119\"\n\t\t\t\n\t\t>\n<div class=\"sow-image-container\">\n\t\t<img \n\tsrc=\"https:\/\/befit-gescher.de\/wp-content\/uploads\/2026\/03\/befit-bodyforming.webp\" width=\"600\" height=\"600\" srcset=\"https:\/\/befit-gescher.de\/wp-content\/uploads\/2026\/03\/befit-bodyforming.webp 600w, https:\/\/befit-gescher.de\/wp-content\/uploads\/2026\/03\/befit-bodyforming-300x300.webp 300w, https:\/\/befit-gescher.de\/wp-content\/uploads\/2026\/03\/befit-bodyforming-150x150.webp 150w, https:\/\/befit-gescher.de\/wp-content\/uploads\/2026\/03\/befit-bodyforming-500x500.webp 500w\" sizes=\"(max-width: 600px) 100vw, 600px\" alt=\"\" \t\tclass=\"so-widget-image\"\/>\n\t<\/div>\n\n<\/div><\/div><\/div><\/div><div id=\"pg-119-2\"  class=\"panel-grid panel-has-style\" ><div class=\"no-margin-bottom siteorigin-panels-stretch panel-stretched-bg panel-row-style panel-row-style-for-119-2\" data-stretch-type=\"stretched_bg\" ><div id=\"pgc-119-2-0\"  class=\"panel-grid-cell\" ><div id=\"panel-119-2-0-0\" class=\"so-panel widget widget_sow-editor panel-first-child\" data-index=\"4\" ><div\n\t\t\t\n\t\t\tclass=\"so-widget-sow-editor so-widget-sow-editor-base\"\n\t\t\t\n\t\t>\n<div class=\"siteorigin-widget-tinymce textwidget\">\n\t<h2 class=\"elementor-heading-title elementor-size-default\" style=\"text-align: center;\">Starte jetzt dein Bodyforming-Training!<\/h2>\n<div class=\"elementor-element elementor-element-2e66a02 elementor-widget__width-initial elementor-widget-tablet__width-inherit elementor-widget elementor-widget-text-editor\" data-id=\"2e66a02\" data-element_type=\"widget\" data-e-type=\"widget\" data-widget_type=\"text-editor.default\">\n<div class=\"elementor-widget-container\">\n<p style=\"text-align: center;\">Du m\u00f6chtest deinen K\u00f6rper straffen, Muskeln aufbauen und dich rundum fitter f\u00fchlen?<br data-start=\"1656\" data-end=\"1659\" \/>Dann nimm jetzt ganz unverbindlich Kontakt auf \u2013 wir informieren dich gerne \u00fcber den n\u00e4chsten Bodyforming-Kurs in Gescher.<\/p>\n<\/div>\n<\/div>\n<\/div>\n<\/div><\/div><div id=\"panel-119-2-0-1\" class=\"so-panel widget widget_sow-button panel-last-child\" data-index=\"5\" ><div\n\t\t\t\n\t\t\tclass=\"so-widget-sow-button so-widget-sow-button-flat-66466acb9e12-119\"\n\t\t\t\n\t\t><div class=\"ow-button-base ow-button-align-center\"\n>\n\t\t\t<a\n\t\t\t\t\thref=\"https:\/\/befit-gescher.de\/index.php\/kontakt\/\"\n\t\t\t\t\tclass=\"sowb-button ow-icon-placement-left ow-button-hover\" \t>\n\t\t<span>\n\t\t\t\n\t\t\tKontakt\t\t<\/span>\n\t\t\t<\/a>\n\t<\/div>\n<\/div><\/div><\/div><\/div><\/div><\/div>","protected":false},"excerpt":{"rendered":"<p>Ganzk\u00f6rpertraining f\u00fcr mehr Kraft, Definition und Energie Forme deinen K\u00f6rper \u2013 effektiv, abwechslungsreich und mit Spa\u00df Unser Bodyforming-Kurs in Gescher ist das ideale Training f\u00fcr alle, die ihren K\u00f6rper gezielt formen und straffen m\u00f6chten. In diesem abwechslungsreichen Workout kombinieren wir Kraft- und Ausdauer\u00fcbungen, um Fett zu verbrennen, Muskeln zu kr\u00e4ftigen und deine allgemeine Fitness zu&hellip;<\/p>\n","protected":false},"author":1,"featured_media":233,"parent":0,"menu_order":50,"comment_status":"closed","ping_status":"closed","template":"","meta":{"footnotes":""},"class_list":["post-119","page","type-page","status-publish","has-post-thumbnail","hentry","post"],"_links":{"self":[{"href":"https:\/\/befit-gescher.de\/index.php\/wp-json\/wp\/v2\/pages\/119","targetHints":{"allow":["GET"]}}],"collection":[{"href":"https:\/\/befit-gescher.de\/index.php\/wp-json\/wp\/v2\/pages"}],"about":[{"href":"https:\/\/befit-gescher.de\/index.php\/wp-json\/wp\/v2\/types\/page"}],"author":[{"embeddable":true,"href":"https:\/\/befit-gescher.de\/index.php\/wp-json\/wp\/v2\/users\/1"}],"replies":[{"embeddable":true,"href":"https:\/\/befit-gescher.de\/index.php\/wp-json\/wp\/v2\/comments?post=119"}],"version-history":[{"count":5,"href":"https:\/\/befit-gescher.de\/index.php\/wp-json\/wp\/v2\/pages\/119\/revisions"}],"predecessor-version":[{"id":254,"href":"https:\/\/befit-gescher.de\/index.php\/wp-json\/wp\/v2\/pages\/119\/revisions\/254"}],"wp:featuredmedia":[{"embeddable":true,"href":"https:\/\/befit-gescher.de\/index.php\/wp-json\/wp\/v2\/media\/233"}],"wp:attachment":[{"href":"https:\/\/befit-gescher.de\/index.php\/wp-json\/wp\/v2\/media?parent=119"}],"curies":[{"name":"wp","href":"https:\/\/api.w.org\/{rel}","templated":true}]}}