{"id":117,"date":"2026-02-19T15:57:50","date_gmt":"2026-02-19T14:57:50","guid":{"rendered":"http:\/\/localhost:8888\/?page_id=117"},"modified":"2026-03-26T21:19:10","modified_gmt":"2026-03-26T20:19:10","slug":"pilates","status":"publish","type":"page","link":"https:\/\/befit-gescher.de\/index.php\/pilates\/","title":{"rendered":"Pilates"},"content":{"rendered":"<div id=\"pl-117\"  class=\"panel-layout\" ><div id=\"pg-117-0\"  class=\"panel-grid panel-has-style\" ><div class=\"siteorigin-panels-stretch panel-width-m panel-row-style panel-row-style-for-117-0\" data-stretch-type=\"width_m\" ><div id=\"pgc-117-0-0\"  class=\"panel-grid-cell\" ><div id=\"panel-117-0-0-0\" class=\"so-panel widget widget_sow-editor panel-first-child panel-last-child\" data-index=\"0\" ><div\n\t\t\t\n\t\t\tclass=\"so-widget-sow-editor so-widget-sow-editor-base\"\n\t\t\t\n\t\t>\n<div class=\"siteorigin-widget-tinymce textwidget\">\n\t<h2 style=\"text-align: center;\" data-start=\"270\" data-end=\"411\">Sanfte Kr\u00e4ftigung f\u00fcr K\u00f6rper und Geist<\/h2>\n<\/div>\n<\/div><\/div><\/div><\/div><\/div><div id=\"pg-117-1\"  class=\"panel-grid panel-no-style\" ><div id=\"pgc-117-1-0\"  class=\"panel-grid-cell\" ><div id=\"panel-117-1-0-0\" class=\"so-panel widget widget_sow-editor panel-first-child panel-last-child\" data-index=\"1\" ><div\n\t\t\t\n\t\t\tclass=\"so-widget-sow-editor so-widget-sow-editor-base\"\n\t\t\t\n\t\t>\n<div class=\"siteorigin-widget-tinymce textwidget\">\n\t<p>F\u00fcr Einsteiger:innen und Fortgeschrittene \u2013 mit Fokus auf Stabilit\u00e4t, Balance und Wohlbefinden<\/p>\n<p>Pilates ist ein ganzheitliches K\u00f6rpertraining, das auf die St\u00e4rkung der tiefen Muskulatur, eine verbesserte K\u00f6rperhaltung und bewusste Atmung abzielt. Durch gezielte, kontrollierte Bewegungen wird deine Muskulatur schonend aufgebaut \u2013 besonders im Bereich von R\u00fccken, Bauch und Beckenboden.<\/p>\n<p>In unseren Pilateskursen in Gescher lernst du, deinen K\u00f6rper gezielt wahrzunehmen und beweglicher zu werden. Die flie\u00dfenden \u00dcbungen f\u00f6rdern Kraft, Balance und Konzentration und sind ideal, um Verspannungen zu l\u00f6sen und den Alltagsstress hinter dir zu lassen.<\/p>\n<p>Egal, ob du nach einem sanften Einstieg in regelm\u00e4\u00dfige Bewegung suchst oder dein bestehendes Training erg\u00e4nzen m\u00f6chtest \u2013 Pilates bietet dir ein effektives Ganzk\u00f6rpertraining mit nachhaltiger Wirkung.<\/p>\n<\/div>\n<\/div><\/div><\/div><div id=\"pgc-117-1-1\"  class=\"panel-grid-cell\" ><div id=\"panel-117-1-1-0\" class=\"so-panel widget widget_sow-editor panel-first-child\" data-index=\"2\" ><div class=\"kurszeiten panel-widget-style panel-widget-style-for-117-1-1-0\" ><div\n\t\t\t\n\t\t\tclass=\"so-widget-sow-editor so-widget-sow-editor-base\"\n\t\t\t\n\t\t>\n<div class=\"siteorigin-widget-tinymce textwidget\">\n\t<h3>Kurszeiten:<\/h3>\n<p>Die aktuellen Kurszeiten sind in unserem <a href=\"https:\/\/befit-gescher.de\/index.php\/kursplan\/\">Kursplan<\/a> zu finden.<\/p>\n<\/div>\n<\/div><\/div><\/div><div id=\"panel-117-1-1-1\" class=\"so-panel widget widget_sow-image panel-last-child\" data-index=\"3\" ><div\n\t\t\t\n\t\t\tclass=\"so-widget-sow-image so-widget-sow-image-default-8b5b6f678277-117\"\n\t\t\t\n\t\t>\n<div class=\"sow-image-container\">\n\t\t<img \n\tsrc=\"https:\/\/befit-gescher.de\/wp-content\/uploads\/2026\/03\/befit-Pilates.webp\" width=\"600\" height=\"600\" srcset=\"https:\/\/befit-gescher.de\/wp-content\/uploads\/2026\/03\/befit-Pilates.webp 600w, https:\/\/befit-gescher.de\/wp-content\/uploads\/2026\/03\/befit-Pilates-300x300.webp 300w, https:\/\/befit-gescher.de\/wp-content\/uploads\/2026\/03\/befit-Pilates-150x150.webp 150w, https:\/\/befit-gescher.de\/wp-content\/uploads\/2026\/03\/befit-Pilates-500x500.webp 500w\" sizes=\"(max-width: 600px) 100vw, 600px\" alt=\"\" \t\tclass=\"so-widget-image\"\/>\n\t<\/div>\n\n<\/div><\/div><\/div><\/div><div id=\"pg-117-2\"  class=\"panel-grid panel-has-style\" ><div class=\"no-margin-bottom siteorigin-panels-stretch panel-stretched-bg panel-row-style panel-row-style-for-117-2\" data-stretch-type=\"stretched_bg\" ><div id=\"pgc-117-2-0\"  class=\"panel-grid-cell\" ><div id=\"panel-117-2-0-0\" class=\"so-panel widget widget_sow-editor panel-first-child\" data-index=\"4\" ><div\n\t\t\t\n\t\t\tclass=\"so-widget-sow-editor so-widget-sow-editor-base\"\n\t\t\t\n\t\t>\n<div class=\"siteorigin-widget-tinymce textwidget\">\n\t<h2 class=\"elementor-heading-title elementor-size-default\" style=\"text-align: center;\">Sp\u00fcre, wie gut bewusste Bewegung tut!<\/h2>\n<p style=\"text-align: center;\">Melde dich jetzt f\u00fcr unseren Pilateskurs an und entdecke, wie du mit gezielten \u00dcbungen mehr Kraft, Stabilit\u00e4t und Gelassenheit gewinnst.<\/p>\n<\/div>\n<\/div><\/div><div id=\"panel-117-2-0-1\" class=\"so-panel widget widget_sow-button panel-last-child\" data-index=\"5\" ><div\n\t\t\t\n\t\t\tclass=\"so-widget-sow-button so-widget-sow-button-flat-66466acb9e12-117\"\n\t\t\t\n\t\t><div class=\"ow-button-base ow-button-align-center\"\n>\n\t\t\t<a\n\t\t\t\t\thref=\"https:\/\/befit-gescher.de\/index.php\/kontakt\/\"\n\t\t\t\t\tclass=\"sowb-button ow-icon-placement-left ow-button-hover\" \t>\n\t\t<span>\n\t\t\t\n\t\t\tKontakt\t\t<\/span>\n\t\t\t<\/a>\n\t<\/div>\n<\/div><\/div><\/div><\/div><\/div><\/div>","protected":false},"excerpt":{"rendered":"<p>Sanfte Kr\u00e4ftigung f\u00fcr K\u00f6rper und Geist F\u00fcr Einsteiger:innen und Fortgeschrittene \u2013 mit Fokus auf Stabilit\u00e4t, Balance und Wohlbefinden Pilates ist ein ganzheitliches K\u00f6rpertraining, das auf die St\u00e4rkung der tiefen Muskulatur, eine verbesserte K\u00f6rperhaltung und bewusste Atmung abzielt. Durch gezielte, kontrollierte Bewegungen wird deine Muskulatur schonend aufgebaut \u2013 besonders im Bereich von R\u00fccken, Bauch und Beckenboden.&hellip;<\/p>\n","protected":false},"author":1,"featured_media":233,"parent":0,"menu_order":40,"comment_status":"closed","ping_status":"closed","template":"","meta":{"footnotes":""},"class_list":["post-117","page","type-page","status-publish","has-post-thumbnail","hentry","post"],"_links":{"self":[{"href":"https:\/\/befit-gescher.de\/index.php\/wp-json\/wp\/v2\/pages\/117","targetHints":{"allow":["GET"]}}],"collection":[{"href":"https:\/\/befit-gescher.de\/index.php\/wp-json\/wp\/v2\/pages"}],"about":[{"href":"https:\/\/befit-gescher.de\/index.php\/wp-json\/wp\/v2\/types\/page"}],"author":[{"embeddable":true,"href":"https:\/\/befit-gescher.de\/index.php\/wp-json\/wp\/v2\/users\/1"}],"replies":[{"embeddable":true,"href":"https:\/\/befit-gescher.de\/index.php\/wp-json\/wp\/v2\/comments?post=117"}],"version-history":[{"count":4,"href":"https:\/\/befit-gescher.de\/index.php\/wp-json\/wp\/v2\/pages\/117\/revisions"}],"predecessor-version":[{"id":253,"href":"https:\/\/befit-gescher.de\/index.php\/wp-json\/wp\/v2\/pages\/117\/revisions\/253"}],"wp:featuredmedia":[{"embeddable":true,"href":"https:\/\/befit-gescher.de\/index.php\/wp-json\/wp\/v2\/media\/233"}],"wp:attachment":[{"href":"https:\/\/befit-gescher.de\/index.php\/wp-json\/wp\/v2\/media?parent=117"}],"curies":[{"name":"wp","href":"https:\/\/api.w.org\/{rel}","templated":true}]}}