{"id":115,"date":"2026-02-19T15:56:58","date_gmt":"2026-02-19T14:56:58","guid":{"rendered":"http:\/\/localhost:8888\/?page_id=115"},"modified":"2026-03-26T21:16:58","modified_gmt":"2026-03-26T20:16:58","slug":"rehasport","status":"publish","type":"page","link":"https:\/\/befit-gescher.de\/index.php\/rehasport\/","title":{"rendered":"Rehasport"},"content":{"rendered":"<div id=\"pl-115\"  class=\"panel-layout\" ><div id=\"pg-115-0\"  class=\"panel-grid panel-has-style\" ><div class=\"siteorigin-panels-stretch panel-width-m panel-row-style panel-row-style-for-115-0\" data-stretch-type=\"width_m\" ><div id=\"pgc-115-0-0\"  class=\"panel-grid-cell\" ><div id=\"panel-115-0-0-0\" class=\"so-panel widget widget_sow-editor panel-first-child panel-last-child\" data-index=\"0\" ><div\n\t\t\t\n\t\t\tclass=\"so-widget-sow-editor so-widget-sow-editor-base\"\n\t\t\t\n\t\t>\n<div class=\"siteorigin-widget-tinymce textwidget\">\n\t<h2 style=\"text-align: center;\" data-start=\"269\" data-end=\"380\">Sanfte Bewegung f\u00fcr mehr Gesundheit<\/h2>\n<\/div>\n<\/div><\/div><\/div><\/div><\/div><div id=\"pg-115-1\"  class=\"panel-grid panel-no-style\" ><div id=\"pgc-115-1-0\"  class=\"panel-grid-cell\" ><div id=\"panel-115-1-0-0\" class=\"so-panel widget widget_sow-editor panel-first-child panel-last-child\" data-index=\"1\" ><div\n\t\t\t\n\t\t\tclass=\"so-widget-sow-editor so-widget-sow-editor-base\"\n\t\t\t\n\t\t>\n<div class=\"siteorigin-widget-tinymce textwidget\">\n\t<h3 data-start=\"269\" data-end=\"380\">F\u00fcr alle Altersgruppen \u2013 individuell angepasst an deine Bed\u00fcrfnisse<\/h3>\n<p data-start=\"382\" data-end=\"783\">Unser Rehasport in Gescher unterst\u00fctzt dich dabei, durch gezielte Bewegungstraining deine Gesundheit zu st\u00e4rken. In unseren Rehasportkursen verbessern wir Kraft, Ausdauer, Beweglichkeit und Koordination. Besonders bei orthop\u00e4dischen Beschwerden, chronischen Schmerzen oder nach Verletzungen hilft der Rehabilitationssport, Schmerzen zu lindern und den Alltag wieder aktiver zu gestalten.<\/p>\n<p data-start=\"785\" data-end=\"1031\">Die \u00dcbungen finden in der Gruppe statt und werden von speziell ausgebildeten \u00dcbungsleiter:innen begleitet. So erh\u00e4ltst du eine sichere, effektive und motivierende Bewegungstherapie, die dich Schritt f\u00fcr Schritt zu mehr Lebensqualit\u00e4t f\u00fchrt.<\/p>\n<p data-start=\"1033\" data-end=\"1246\">Ob zur Unterst\u00fctzung nach einer Operation, bei R\u00fcckenproblemen oder als langfristige Pr\u00e4vention \u2013 unser Rehasport-Angebot in Gescher ist die richtige Wahl f\u00fcr alle, die etwas f\u00fcr ihre Gesundheit tun m\u00f6chten.<\/p>\n<\/div>\n<\/div><\/div><\/div><div id=\"pgc-115-1-1\"  class=\"panel-grid-cell\" ><div id=\"panel-115-1-1-0\" class=\"so-panel widget widget_sow-editor panel-first-child\" data-index=\"2\" ><div class=\"kurszeiten panel-widget-style panel-widget-style-for-115-1-1-0\" ><div\n\t\t\t\n\t\t\tclass=\"so-widget-sow-editor so-widget-sow-editor-base\"\n\t\t\t\n\t\t>\n<div class=\"siteorigin-widget-tinymce textwidget\">\n\t<h3>Kurszeiten:<\/h3>\n<p>Die aktuellen Kurszeiten sind in unserem <a href=\"https:\/\/befit-gescher.de\/index.php\/kursplan\/\">Kursplan<\/a> zu finden.<\/p>\n<\/div>\n<\/div><\/div><\/div><div id=\"panel-115-1-1-1\" class=\"so-panel widget widget_sow-image panel-last-child\" data-index=\"3\" ><div\n\t\t\t\n\t\t\tclass=\"so-widget-sow-image so-widget-sow-image-default-c67d20f9f743-115\"\n\t\t\t\n\t\t>\n<div class=\"sow-image-container\">\n\t\t<img \n\tsrc=\"https:\/\/befit-gescher.de\/wp-content\/uploads\/2026\/03\/befit-Rehasport.webp\" width=\"600\" height=\"600\" srcset=\"https:\/\/befit-gescher.de\/wp-content\/uploads\/2026\/03\/befit-Rehasport.webp 600w, https:\/\/befit-gescher.de\/wp-content\/uploads\/2026\/03\/befit-Rehasport-300x300.webp 300w, https:\/\/befit-gescher.de\/wp-content\/uploads\/2026\/03\/befit-Rehasport-150x150.webp 150w, https:\/\/befit-gescher.de\/wp-content\/uploads\/2026\/03\/befit-Rehasport-500x500.webp 500w\" sizes=\"(max-width: 600px) 100vw, 600px\" alt=\"\" \t\tclass=\"so-widget-image\"\/>\n\t<\/div>\n\n<\/div><\/div><\/div><\/div><div id=\"pg-115-2\"  class=\"panel-grid panel-has-style\" ><div class=\"no-margin-bottom siteorigin-panels-stretch panel-stretched-bg panel-row-style panel-row-style-for-115-2\" data-stretch-type=\"stretched_bg\" ><div id=\"pgc-115-2-0\"  class=\"panel-grid-cell\" ><div id=\"panel-115-2-0-0\" class=\"so-panel widget widget_sow-editor panel-first-child\" data-index=\"4\" ><div\n\t\t\t\n\t\t\tclass=\"so-widget-sow-editor so-widget-sow-editor-base\"\n\t\t\t\n\t\t>\n<div class=\"siteorigin-widget-tinymce textwidget\">\n\t<h2 class=\"elementor-heading-title elementor-size-default\" style=\"text-align: center;\">Jetzt zum Rehasport anmelden!<\/h2>\n<p style=\"text-align: center;\">Du m\u00f6chtest mehr \u00fcber unsere Rehasport-Angebote erfahren oder dich direkt f\u00fcr einen Kurs anmelden?<br \/>\nDann nimm jetzt ganz unverbindlich Kontakt auf.<\/p>\n<\/div>\n<\/div><\/div><div id=\"panel-115-2-0-1\" class=\"so-panel widget widget_sow-button panel-last-child\" data-index=\"5\" ><div\n\t\t\t\n\t\t\tclass=\"so-widget-sow-button so-widget-sow-button-flat-66466acb9e12-115\"\n\t\t\t\n\t\t><div class=\"ow-button-base ow-button-align-center\"\n>\n\t\t\t<a\n\t\t\t\t\thref=\"https:\/\/befit-gescher.de\/index.php\/kontakt\/\"\n\t\t\t\t\tclass=\"sowb-button ow-icon-placement-left ow-button-hover\" \t>\n\t\t<span>\n\t\t\t\n\t\t\tKontakt\t\t<\/span>\n\t\t\t<\/a>\n\t<\/div>\n<\/div><\/div><\/div><\/div><\/div><\/div>","protected":false},"excerpt":{"rendered":"<p>Sanfte Bewegung f\u00fcr mehr Gesundheit F\u00fcr alle Altersgruppen \u2013 individuell angepasst an deine Bed\u00fcrfnisse Unser Rehasport in Gescher unterst\u00fctzt dich dabei, durch gezielte Bewegungstraining deine Gesundheit zu st\u00e4rken. In unseren Rehasportkursen verbessern wir Kraft, Ausdauer, Beweglichkeit und Koordination. Besonders bei orthop\u00e4dischen Beschwerden, chronischen Schmerzen oder nach Verletzungen hilft der Rehabilitationssport, Schmerzen zu lindern und den&hellip;<\/p>\n","protected":false},"author":1,"featured_media":233,"parent":0,"menu_order":30,"comment_status":"closed","ping_status":"closed","template":"","meta":{"footnotes":""},"class_list":["post-115","page","type-page","status-publish","has-post-thumbnail","hentry","post"],"_links":{"self":[{"href":"https:\/\/befit-gescher.de\/index.php\/wp-json\/wp\/v2\/pages\/115","targetHints":{"allow":["GET"]}}],"collection":[{"href":"https:\/\/befit-gescher.de\/index.php\/wp-json\/wp\/v2\/pages"}],"about":[{"href":"https:\/\/befit-gescher.de\/index.php\/wp-json\/wp\/v2\/types\/page"}],"author":[{"embeddable":true,"href":"https:\/\/befit-gescher.de\/index.php\/wp-json\/wp\/v2\/users\/1"}],"replies":[{"embeddable":true,"href":"https:\/\/befit-gescher.de\/index.php\/wp-json\/wp\/v2\/comments?post=115"}],"version-history":[{"count":11,"href":"https:\/\/befit-gescher.de\/index.php\/wp-json\/wp\/v2\/pages\/115\/revisions"}],"predecessor-version":[{"id":252,"href":"https:\/\/befit-gescher.de\/index.php\/wp-json\/wp\/v2\/pages\/115\/revisions\/252"}],"wp:featuredmedia":[{"embeddable":true,"href":"https:\/\/befit-gescher.de\/index.php\/wp-json\/wp\/v2\/media\/233"}],"wp:attachment":[{"href":"https:\/\/befit-gescher.de\/index.php\/wp-json\/wp\/v2\/media?parent=115"}],"curies":[{"name":"wp","href":"https:\/\/api.w.org\/{rel}","templated":true}]}}