{"id":11,"date":"2025-12-28T20:49:29","date_gmt":"2025-12-28T19:49:29","guid":{"rendered":"http:\/\/localhost:8888\/?page_id=11"},"modified":"2026-03-26T21:05:45","modified_gmt":"2026-03-26T20:05:45","slug":"startseite","status":"publish","type":"page","link":"https:\/\/befit-gescher.de\/","title":{"rendered":"\u00dcbersicht"},"content":{"rendered":"<div id=\"pl-11\"  class=\"panel-layout\" ><div id=\"pg-11-0\"  class=\"panel-grid panel-has-style\" ><div class=\"siteorigin-panels-stretch panel-width-m panel-row-style panel-row-style-for-11-0\" data-stretch-type=\"width_m\" ><div id=\"pgc-11-0-0\"  class=\"panel-grid-cell\" ><div id=\"panel-11-0-0-0\" class=\"so-panel widget widget_sow-editor panel-first-child panel-last-child\" data-index=\"0\" ><div\n\t\t\t\n\t\t\tclass=\"so-widget-sow-editor so-widget-sow-editor-base\"\n\t\t\t\n\t\t>\n<div class=\"siteorigin-widget-tinymce textwidget\">\n\t<h1 class=\"elementor-heading-title elementor-size-default\" style=\"text-align: center;\">Willkommen bei BeFit Gescher e.V.<\/h1>\n<p style=\"text-align: center;\">Unabh\u00e4ngig von Geschlecht, Alter oder der k\u00f6rperlichen Fitness m\u00f6chten wir Sport und Fitness f\u00fcr jede*n zug\u00e4nglich machen. Spa\u00df und Teamgeist stehen bei unserem Training immer im Vordergrund. Wir trainieren auf Augenh\u00f6he, wachsen \u00fcber uns hinaus und st\u00e4rken dein Selbstbewusstsein. Ganz nebenbei tun wir noch etwas f\u00fcr unsere Gesundheit und halten uns fit. Schau doch mal im Bereich Kurse vorbei und sieh dir an, welche Kurse wir aktuell anbieten.<br \/>\nWir freuen uns auf dich!<\/p>\n<p style=\"text-align: center;\">Dein Team von BeFit Gescher e.V.<\/p>\n<\/div>\n<\/div><\/div><\/div><\/div><\/div><div id=\"pg-11-1\"  class=\"panel-grid panel-no-style\" ><div id=\"pgc-11-1-0\"  class=\"panel-grid-cell\" ><div id=\"panel-11-1-0-0\" class=\"so-panel widget widget_sow-image panel-first-child\" data-index=\"1\" ><div\n\t\t\t\n\t\t\tclass=\"so-widget-sow-image so-widget-sow-image-default-89f16426b92c-11\"\n\t\t\t\n\t\t>\n<div class=\"sow-image-container\">\n\t\t\t<a href=\"https:\/\/befit-gescher.de\/index.php\/little-tigers\/\"\n\t\t\t\t\t>\n\t\t\t<img \n\tsrc=\"https:\/\/befit-gescher.de\/wp-content\/uploads\/2026\/03\/befit_kurse_littletigers-768x768.webp\" width=\"768\" height=\"768\" srcset=\"https:\/\/befit-gescher.de\/wp-content\/uploads\/2026\/03\/befit_kurse_littletigers-768x768.webp 768w, https:\/\/befit-gescher.de\/wp-content\/uploads\/2026\/03\/befit_kurse_littletigers-300x300.webp 300w, https:\/\/befit-gescher.de\/wp-content\/uploads\/2026\/03\/befit_kurse_littletigers-1024x1024.webp 1024w, https:\/\/befit-gescher.de\/wp-content\/uploads\/2026\/03\/befit_kurse_littletigers-150x150.webp 150w, https:\/\/befit-gescher.de\/wp-content\/uploads\/2026\/03\/befit_kurse_littletigers-500x500.webp 500w, https:\/\/befit-gescher.de\/wp-content\/uploads\/2026\/03\/befit_kurse_littletigers.webp 1341w\" sizes=\"(max-width: 768px) 100vw, 768px\" title=\"Little Tigers\" alt=\"\" \t\tclass=\"so-widget-image\"\/>\n\t\t\t<\/a><\/div>\n\n<h3 class=\"widget-title\">Little Tigers<\/h3><\/div><\/div><div id=\"panel-11-1-0-1\" class=\"so-panel widget widget_sow-image\" data-index=\"2\" ><div\n\t\t\t\n\t\t\tclass=\"so-widget-sow-image so-widget-sow-image-default-89f16426b92c-11\"\n\t\t\t\n\t\t>\n<div class=\"sow-image-container\">\n\t\t\t<a href=\"https:\/\/befit-gescher.de\/index.php\/little-tigers\/\"\n\t\t\t\t\t>\n\t\t\t<img \n\tsrc=\"https:\/\/befit-gescher.de\/wp-content\/uploads\/2026\/03\/befit_kurse_Kickboxen_ab16.webp\" width=\"600\" height=\"601\" srcset=\"https:\/\/befit-gescher.de\/wp-content\/uploads\/2026\/03\/befit_kurse_Kickboxen_ab16.webp 600w, https:\/\/befit-gescher.de\/wp-content\/uploads\/2026\/03\/befit_kurse_Kickboxen_ab16-300x300.webp 300w, https:\/\/befit-gescher.de\/wp-content\/uploads\/2026\/03\/befit_kurse_Kickboxen_ab16-150x150.webp 150w, https:\/\/befit-gescher.de\/wp-content\/uploads\/2026\/03\/befit_kurse_Kickboxen_ab16-500x500.webp 500w\" sizes=\"(max-width: 600px) 100vw, 600px\" title=\"Kickboxen ab 16 Jahren\" alt=\"\" \t\tclass=\"so-widget-image\"\/>\n\t\t\t<\/a><\/div>\n\n<h3 class=\"widget-title\">Kickboxen ab 16 Jahren<\/h3><\/div><\/div><div id=\"panel-11-1-0-2\" class=\"so-panel widget widget_sow-image\" data-index=\"3\" ><div\n\t\t\t\n\t\t\tclass=\"so-widget-sow-image so-widget-sow-image-default-89f16426b92c-11\"\n\t\t\t\n\t\t>\n<div class=\"sow-image-container\">\n\t\t\t<a href=\"https:\/\/befit-gescher.de\/index.php\/rehasport\/\"\n\t\t\t\t\t>\n\t\t\t<img \n\tsrc=\"https:\/\/befit-gescher.de\/wp-content\/uploads\/2026\/03\/befit-Rehasport.webp\" width=\"600\" height=\"600\" srcset=\"https:\/\/befit-gescher.de\/wp-content\/uploads\/2026\/03\/befit-Rehasport.webp 600w, https:\/\/befit-gescher.de\/wp-content\/uploads\/2026\/03\/befit-Rehasport-300x300.webp 300w, https:\/\/befit-gescher.de\/wp-content\/uploads\/2026\/03\/befit-Rehasport-150x150.webp 150w, https:\/\/befit-gescher.de\/wp-content\/uploads\/2026\/03\/befit-Rehasport-500x500.webp 500w\" sizes=\"(max-width: 600px) 100vw, 600px\" title=\"Rehasport\" alt=\"\" \t\tclass=\"so-widget-image\"\/>\n\t\t\t<\/a><\/div>\n\n<h3 class=\"widget-title\">Rehasport<\/h3><\/div><\/div><div id=\"panel-11-1-0-3\" class=\"so-panel widget widget_sow-image panel-last-child\" data-index=\"4\" ><div\n\t\t\t\n\t\t\tclass=\"so-widget-sow-image so-widget-sow-image-default-89f16426b92c-11\"\n\t\t\t\n\t\t>\n<div class=\"sow-image-container\">\n\t\t\t<a href=\"https:\/\/befit-gescher.de\/index.php\/pilates\/\"\n\t\t\t\t\t>\n\t\t\t<img \n\tsrc=\"https:\/\/befit-gescher.de\/wp-content\/uploads\/2026\/03\/befit-Pilates.webp\" width=\"600\" height=\"600\" srcset=\"https:\/\/befit-gescher.de\/wp-content\/uploads\/2026\/03\/befit-Pilates.webp 600w, https:\/\/befit-gescher.de\/wp-content\/uploads\/2026\/03\/befit-Pilates-300x300.webp 300w, https:\/\/befit-gescher.de\/wp-content\/uploads\/2026\/03\/befit-Pilates-150x150.webp 150w, https:\/\/befit-gescher.de\/wp-content\/uploads\/2026\/03\/befit-Pilates-500x500.webp 500w\" sizes=\"(max-width: 600px) 100vw, 600px\" title=\"Pilates\" alt=\"\" \t\tclass=\"so-widget-image\"\/>\n\t\t\t<\/a><\/div>\n\n<h3 class=\"widget-title\">Pilates<\/h3><\/div><\/div><\/div><div id=\"pgc-11-1-1\"  class=\"panel-grid-cell\" ><div id=\"panel-11-1-1-0\" class=\"so-panel widget widget_sow-image panel-first-child\" data-index=\"5\" ><div\n\t\t\t\n\t\t\tclass=\"so-widget-sow-image so-widget-sow-image-default-89f16426b92c-11\"\n\t\t\t\n\t\t>\n<div class=\"sow-image-container\">\n\t\t\t<a href=\"https:\/\/befit-gescher.de\/index.php\/kickboxen-teenager\/\"\n\t\t\t\t\t>\n\t\t\t<img \n\tsrc=\"https:\/\/befit-gescher.de\/wp-content\/uploads\/2026\/03\/befit_kurse_littletigers2.webp\" width=\"733\" height=\"733\" srcset=\"https:\/\/befit-gescher.de\/wp-content\/uploads\/2026\/03\/befit_kurse_littletigers2.webp 733w, https:\/\/befit-gescher.de\/wp-content\/uploads\/2026\/03\/befit_kurse_littletigers2-300x300.webp 300w, https:\/\/befit-gescher.de\/wp-content\/uploads\/2026\/03\/befit_kurse_littletigers2-150x150.webp 150w, https:\/\/befit-gescher.de\/wp-content\/uploads\/2026\/03\/befit_kurse_littletigers2-500x500.webp 500w\" sizes=\"(max-width: 733px) 100vw, 733px\" title=\"Kickboxen Teenager\" alt=\"\" \t\tclass=\"so-widget-image\"\/>\n\t\t\t<\/a><\/div>\n\n<h3 class=\"widget-title\">Kickboxen Teenager<\/h3><\/div><\/div><div id=\"panel-11-1-1-1\" class=\"so-panel widget widget_sow-image\" data-index=\"6\" ><div\n\t\t\t\n\t\t\tclass=\"so-widget-sow-image so-widget-sow-image-default-89f16426b92c-11\"\n\t\t\t\n\t\t>\n<div class=\"sow-image-container\">\n\t\t\t<a href=\"https:\/\/befit-gescher.de\/index.php\/krav-maga-erwachsene\/\"\n\t\t\t\t\t>\n\t\t\t<img \n\tsrc=\"https:\/\/befit-gescher.de\/wp-content\/uploads\/2026\/03\/befit_kurse_action.webp\" width=\"453\" height=\"452\" srcset=\"https:\/\/befit-gescher.de\/wp-content\/uploads\/2026\/03\/befit_kurse_action.webp 453w, https:\/\/befit-gescher.de\/wp-content\/uploads\/2026\/03\/befit_kurse_action-300x300.webp 300w, https:\/\/befit-gescher.de\/wp-content\/uploads\/2026\/03\/befit_kurse_action-150x150.webp 150w\" sizes=\"(max-width: 453px) 100vw, 453px\" title=\"Krav-Maga Erwachsene\" alt=\"\" \t\tclass=\"so-widget-image\"\/>\n\t\t\t<\/a><\/div>\n\n<h3 class=\"widget-title\">Krav-Maga Erwachsene<\/h3><\/div><\/div><div id=\"panel-11-1-1-2\" class=\"so-panel widget widget_sow-image panel-last-child\" data-index=\"7\" ><div\n\t\t\t\n\t\t\tclass=\"so-widget-sow-image so-widget-sow-image-default-89f16426b92c-11\"\n\t\t\t\n\t\t>\n<div class=\"sow-image-container\">\n\t\t\t<a href=\"https:\/\/befit-gescher.de\/index.php\/bbp\/\"\n\t\t\t\t\t>\n\t\t\t<img \n\tsrc=\"https:\/\/befit-gescher.de\/wp-content\/uploads\/2026\/03\/befit-BauchBeinePo.webp\" width=\"600\" height=\"600\" srcset=\"https:\/\/befit-gescher.de\/wp-content\/uploads\/2026\/03\/befit-BauchBeinePo.webp 600w, https:\/\/befit-gescher.de\/wp-content\/uploads\/2026\/03\/befit-BauchBeinePo-300x300.webp 300w, https:\/\/befit-gescher.de\/wp-content\/uploads\/2026\/03\/befit-BauchBeinePo-150x150.webp 150w, https:\/\/befit-gescher.de\/wp-content\/uploads\/2026\/03\/befit-BauchBeinePo-500x500.webp 500w\" sizes=\"(max-width: 600px) 100vw, 600px\" title=\"BBP\" alt=\"\" \t\tclass=\"so-widget-image\"\/>\n\t\t\t<\/a><\/div>\n\n<h3 class=\"widget-title\">BBP<\/h3><\/div><\/div><\/div><div id=\"pgc-11-1-2\"  class=\"panel-grid-cell\" ><div id=\"panel-11-1-2-0\" class=\"so-panel widget widget_sow-image panel-first-child\" data-index=\"8\" ><div\n\t\t\t\n\t\t\tclass=\"so-widget-sow-image so-widget-sow-image-default-89f16426b92c-11\"\n\t\t\t\n\t\t>\n<div class=\"sow-image-container\">\n\t\t\t<a href=\"https:\/\/befit-gescher.de\/index.php\/krav-maga-teenager\/\"\n\t\t\t\t\t>\n\t\t\t<img \n\tsrc=\"https:\/\/befit-gescher.de\/wp-content\/uploads\/2026\/03\/befit_kurse_krav-maga.webp\" width=\"556\" height=\"556\" srcset=\"https:\/\/befit-gescher.de\/wp-content\/uploads\/2026\/03\/befit_kurse_krav-maga.webp 556w, https:\/\/befit-gescher.de\/wp-content\/uploads\/2026\/03\/befit_kurse_krav-maga-300x300.webp 300w, https:\/\/befit-gescher.de\/wp-content\/uploads\/2026\/03\/befit_kurse_krav-maga-150x150.webp 150w, https:\/\/befit-gescher.de\/wp-content\/uploads\/2026\/03\/befit_kurse_krav-maga-500x500.webp 500w\" sizes=\"(max-width: 556px) 100vw, 556px\" title=\"Krav-Maga Teenager\" alt=\"\" \t\tclass=\"so-widget-image\"\/>\n\t\t\t<\/a><\/div>\n\n<h3 class=\"widget-title\">Krav-Maga Teenager<\/h3><\/div><\/div><div id=\"panel-11-1-2-1\" class=\"so-panel widget widget_sow-image\" data-index=\"9\" ><div\n\t\t\t\n\t\t\tclass=\"so-widget-sow-image so-widget-sow-image-default-89f16426b92c-11\"\n\t\t\t\n\t\t>\n<div class=\"sow-image-container\">\n\t\t\t<a href=\"https:\/\/befit-gescher.de\/index.php\/ninjutsu\/\"\n\t\t\t\t\t>\n\t\t\t<img \n\tsrc=\"https:\/\/befit-gescher.de\/wp-content\/uploads\/2026\/03\/befit-Ninjutsu.webp\" width=\"600\" height=\"600\" srcset=\"https:\/\/befit-gescher.de\/wp-content\/uploads\/2026\/03\/befit-Ninjutsu.webp 600w, https:\/\/befit-gescher.de\/wp-content\/uploads\/2026\/03\/befit-Ninjutsu-300x300.webp 300w, https:\/\/befit-gescher.de\/wp-content\/uploads\/2026\/03\/befit-Ninjutsu-150x150.webp 150w, https:\/\/befit-gescher.de\/wp-content\/uploads\/2026\/03\/befit-Ninjutsu-500x500.webp 500w\" sizes=\"(max-width: 600px) 100vw, 600px\" title=\"Ninjutsu\" alt=\"\" \t\tclass=\"so-widget-image\"\/>\n\t\t\t<\/a><\/div>\n\n<h3 class=\"widget-title\">Ninjutsu<\/h3><\/div><\/div><div id=\"panel-11-1-2-2\" class=\"so-panel widget widget_sow-image panel-last-child\" data-index=\"10\" ><div\n\t\t\t\n\t\t\tclass=\"so-widget-sow-image so-widget-sow-image-default-89f16426b92c-11\"\n\t\t\t\n\t\t>\n<div class=\"sow-image-container\">\n\t\t\t<a href=\"https:\/\/befit-gescher.de\/index.php\/bodyforming\/\"\n\t\t\t\t\t>\n\t\t\t<img \n\tsrc=\"https:\/\/befit-gescher.de\/wp-content\/uploads\/2026\/03\/befit-bodyforming.webp\" width=\"600\" height=\"600\" srcset=\"https:\/\/befit-gescher.de\/wp-content\/uploads\/2026\/03\/befit-bodyforming.webp 600w, https:\/\/befit-gescher.de\/wp-content\/uploads\/2026\/03\/befit-bodyforming-300x300.webp 300w, https:\/\/befit-gescher.de\/wp-content\/uploads\/2026\/03\/befit-bodyforming-150x150.webp 150w, https:\/\/befit-gescher.de\/wp-content\/uploads\/2026\/03\/befit-bodyforming-500x500.webp 500w\" sizes=\"(max-width: 600px) 100vw, 600px\" title=\"Bodyforming\" alt=\"\" \t\tclass=\"so-widget-image\"\/>\n\t\t\t<\/a><\/div>\n\n<h3 class=\"widget-title\">Bodyforming<\/h3><\/div><\/div><\/div><\/div><div id=\"pg-11-2\"  class=\"panel-grid panel-no-style\" ><div id=\"pgc-11-2-0\"  class=\"panel-grid-cell\" ><div id=\"panel-11-2-0-0\" class=\"so-panel widget widget_sow-editor panel-first-child\" data-index=\"11\" ><div\n\t\t\t\n\t\t\tclass=\"so-widget-sow-editor so-widget-sow-editor-base\"\n\t\t\t\n\t\t>\n<div class=\"siteorigin-widget-tinymce textwidget\">\n\t<h2 style=\"text-align: center;\">Wir sind Teil von:<\/h2>\n<\/div>\n<\/div><\/div><div id=\"panel-11-2-0-1\" class=\"so-panel widget widget_siteorigin-panels-builder panel-last-child\" data-index=\"12\" ><div class=\"member-of panel-widget-style panel-widget-style-for-11-2-0-1\" ><div id=\"pl-w69c58faa2a99c\"  class=\"panel-layout\" ><div id=\"pg-w69c58faa2a99c-0\"  class=\"panel-grid panel-has-style\" ><div class=\"no-margin-bottom panel-row-style panel-row-style-for-w69c58faa2a99c-0\" ><div id=\"pgc-w69c58faa2a99c-0-0\"  class=\"panel-grid-cell\" ><div id=\"panel-w69c58faa2a99c-0-0-0\" class=\"so-panel widget widget_sow-image panel-first-child panel-last-child\" data-index=\"0\" ><div class=\"logo-hover panel-widget-style panel-widget-style-for-w69c58faa2a99c-0-0-0\" ><div\n\t\t\t\n\t\t\tclass=\"so-widget-sow-image so-widget-sow-image-default-8b5b6f678277\"\n\t\t\t\n\t\t>\n<div class=\"sow-image-container\">\n\t\t\t<a href=\"https:\/\/gkmf.de\/\"\n\t\t\ttarget=\"_blank\" rel=\"noopener noreferrer\" \t\t>\n\t\t\t<img \n\tsrc=\"https:\/\/befit-gescher.de\/wp-content\/uploads\/2026\/03\/befit-logo-gkmf-w.webp\" width=\"600\" height=\"434\" srcset=\"https:\/\/befit-gescher.de\/wp-content\/uploads\/2026\/03\/befit-logo-gkmf-w.webp 600w, https:\/\/befit-gescher.de\/wp-content\/uploads\/2026\/03\/befit-logo-gkmf-w-300x217.webp 300w\" sizes=\"(max-width: 600px) 100vw, 600px\" alt=\"\" \t\tclass=\"so-widget-image\"\/>\n\t\t\t<\/a><\/div>\n\n<\/div><\/div><\/div><\/div><div id=\"pgc-w69c58faa2a99c-0-1\"  class=\"panel-grid-cell\" ><div id=\"panel-w69c58faa2a99c-0-1-0\" class=\"so-panel widget widget_sow-image panel-first-child panel-last-child\" data-index=\"1\" ><div class=\"logo-hover panel-widget-style panel-widget-style-for-w69c58faa2a99c-0-1-0\" ><div\n\t\t\t\n\t\t\tclass=\"so-widget-sow-image so-widget-sow-image-default-8b5b6f678277\"\n\t\t\t\n\t\t>\n<div class=\"sow-image-container\">\n\t\t\t<a href=\"https:\/\/muaythai-bund-nrw.de\/\"\n\t\t\ttarget=\"_blank\" rel=\"noopener noreferrer\" \t\t>\n\t\t\t<img \n\tsrc=\"https:\/\/befit-gescher.de\/wp-content\/uploads\/2026\/03\/befit-logo-MTB_NRW.webp\" width=\"300\" height=\"176\" sizes=\"(max-width: 300px) 100vw, 300px\" alt=\"\" \t\tclass=\"so-widget-image\"\/>\n\t\t\t<\/a><\/div>\n\n<\/div><\/div><\/div><\/div><div id=\"pgc-w69c58faa2a99c-0-2\"  class=\"panel-grid-cell\" ><div id=\"panel-w69c58faa2a99c-0-2-0\" class=\"so-panel widget widget_sow-image panel-first-child panel-last-child\" data-index=\"2\" ><div class=\"logo-hover panel-widget-style panel-widget-style-for-w69c58faa2a99c-0-2-0\" ><div\n\t\t\t\n\t\t\tclass=\"so-widget-sow-image so-widget-sow-image-default-8b5b6f678277\"\n\t\t\t\n\t\t>\n<div class=\"sow-image-container\">\n\t\t\t<a href=\"http:\/\/www.ssv-gescher.de\/\"\n\t\t\ttarget=\"_blank\" rel=\"noopener noreferrer\" \t\t>\n\t\t\t<img \n\tsrc=\"https:\/\/befit-gescher.de\/wp-content\/uploads\/2026\/03\/befit-logo-SSV_Gescher.png\" width=\"335\" height=\"205\" srcset=\"https:\/\/befit-gescher.de\/wp-content\/uploads\/2026\/03\/befit-logo-SSV_Gescher.png 335w, https:\/\/befit-gescher.de\/wp-content\/uploads\/2026\/03\/befit-logo-SSV_Gescher-300x184.png 300w\" sizes=\"(max-width: 335px) 100vw, 335px\" alt=\"\" \t\tclass=\"so-widget-image\"\/>\n\t\t\t<\/a><\/div>\n\n<\/div><\/div><\/div><\/div><div id=\"pgc-w69c58faa2a99c-0-3\"  class=\"panel-grid-cell\" ><div id=\"panel-w69c58faa2a99c-0-3-0\" class=\"so-panel widget widget_sow-image panel-first-child panel-last-child\" data-index=\"3\" ><div class=\"logo-hover panel-widget-style panel-widget-style-for-w69c58faa2a99c-0-3-0\" ><div\n\t\t\t\n\t\t\tclass=\"so-widget-sow-image so-widget-sow-image-default-8b5b6f678277\"\n\t\t\t\n\t\t>\n<div class=\"sow-image-container\">\n\t\t\t<a href=\"https:\/\/www.ksb-borken.info\/\"\n\t\t\ttarget=\"_blank\" rel=\"noopener noreferrer\" \t\t>\n\t\t\t<img \n\tsrc=\"https:\/\/befit-gescher.de\/wp-content\/uploads\/2026\/03\/befit-logo-kreissportbund.webp\" width=\"228\" height=\"70\" sizes=\"(max-width: 228px) 100vw, 228px\" alt=\"\" \t\tclass=\"so-widget-image\"\/>\n\t\t\t<\/a><\/div>\n\n<\/div><\/div><\/div><\/div><div id=\"pgc-w69c58faa2a99c-0-4\"  class=\"panel-grid-cell\" ><div id=\"panel-w69c58faa2a99c-0-4-0\" class=\"so-panel widget widget_sow-image panel-first-child panel-last-child\" data-index=\"4\" ><div class=\"logo-hover panel-widget-style panel-widget-style-for-w69c58faa2a99c-0-4-0\" ><div\n\t\t\t\n\t\t\tclass=\"so-widget-sow-image so-widget-sow-image-default-dbf295114b96\"\n\t\t\t\n\t\t>\n<div class=\"sow-image-container\">\n\t\t\t<a href=\"http:\/\/www.lsb.nrw\/\"\n\t\t\ttarget=\"_blank\" rel=\"noopener noreferrer\" \t\t>\n\t\t\t<img \n\tsrc=\"https:\/\/befit-gescher.de\/wp-content\/uploads\/2026\/03\/befit-Logo_Landessportbund_NRW.webp\" width=\"600\" height=\"238\" srcset=\"https:\/\/befit-gescher.de\/wp-content\/uploads\/2026\/03\/befit-Logo_Landessportbund_NRW.webp 600w, https:\/\/befit-gescher.de\/wp-content\/uploads\/2026\/03\/befit-Logo_Landessportbund_NRW-300x119.webp 300w\" sizes=\"(max-width: 600px) 100vw, 600px\" alt=\"\" \t\tclass=\"so-widget-image\"\/>\n\t\t\t<\/a><\/div>\n\n<\/div><\/div><\/div><\/div><\/div><\/div><\/div><\/div><\/div><\/div><\/div><div id=\"pg-11-3\"  class=\"panel-grid panel-has-style\" ><div class=\"no-margin-bottom siteorigin-panels-stretch panel-stretched-bg panel-row-style panel-row-style-for-11-3\" data-stretch-type=\"stretched_bg\" ><div id=\"pgc-11-3-0\"  class=\"panel-grid-cell\" ><div id=\"panel-11-3-0-0\" class=\"so-panel widget widget_sow-editor panel-first-child\" data-index=\"13\" ><div\n\t\t\t\n\t\t\tclass=\"so-widget-sow-editor so-widget-sow-editor-base\"\n\t\t\t\n\t\t>\n<div class=\"siteorigin-widget-tinymce textwidget\">\n\t<h2 style=\"text-align: center;\">\nKontakt<\/h2>\n<p style=\"text-align: center;\">Neugierig auf BeFit? Ob Fragen zu unseren Angeboten, zur Mitgliedschaft oder zum Probetraining \u2013 wir sind f\u00fcr dich da. Kontaktiere uns per Mail oder telefonisch und starte mit uns durch.<\/p>\n<\/div>\n<\/div><\/div><div id=\"panel-11-3-0-1\" class=\"so-panel widget widget_siteorigin-panels-builder panel-last-child\" data-index=\"14\" ><div id=\"pl-w69c13ffacc006\"  class=\"panel-layout\" ><div id=\"pg-w69c13ffacc006-0\"  class=\"panel-grid panel-has-style\" ><div class=\"no-margin-bottom panel-row-style panel-row-style-for-w69c13ffacc006-0\" ><div id=\"pgc-w69c13ffacc006-0-0\"  class=\"panel-grid-cell\" ><div id=\"panel-w69c13ffacc006-0-0-0\" class=\"so-panel widget widget_sow-button panel-first-child panel-last-child\" data-index=\"0\" ><div\n\t\t\t\n\t\t\tclass=\"so-widget-sow-button so-widget-sow-button-flat-29dc7881aed5\"\n\t\t\t\n\t\t><div class=\"ow-button-base ow-button-align-right\"\n>\n\t\t\t<a\n\t\t\t\t\thref=\"https:\/\/wa.me\/4915737255294\"\n\t\t\t\t\tclass=\"sowb-button ow-icon-placement-left ow-button-hover\" target=\"_blank\" rel=\"noopener noreferrer\" \t>\n\t\t<span>\n\t\t\t<span class=\"sow-icon-fontawesome sow-far\" data-sow-icon=\"&#xf086;\"\n\t\tstyle=\"\" \n\t\taria-hidden=\"true\"><\/span>\n\t\t\tWhatsapp\t\t<\/span>\n\t\t\t<\/a>\n\t<\/div>\n<\/div><\/div><\/div><div id=\"pgc-w69c13ffacc006-0-1\"  class=\"panel-grid-cell\" ><div id=\"panel-w69c13ffacc006-0-1-0\" class=\"so-panel widget widget_sow-button panel-first-child panel-last-child\" data-index=\"1\" ><div\n\t\t\t\n\t\t\tclass=\"so-widget-sow-button so-widget-sow-button-flat-26030d390253\"\n\t\t\t\n\t\t><div class=\"ow-button-base ow-button-align-left\"\n>\n\t\t\t<a\n\t\t\t\tclass=\"sowb-button ow-icon-placement-left ow-button-hover\" target=\"_blank\" rel=\"noopener noreferrer\" \t>\n\t\t<span>\n\t\t\t<span class=\"sow-icon-materialicons sowm-regular\" data-sow-icon=\"&#xe0e6\"\n\t\tstyle=\"\" \n\t\taria-hidden=\"true\"><\/span>\n\t\t\tE-Mail\t\t<\/span>\n\t\t\t<\/a>\n\t<\/div>\n<\/div><\/div><\/div><\/div><\/div><\/div><\/div><\/div><\/div><\/div><\/div>","protected":false},"excerpt":{"rendered":"<p>Willkommen bei BeFit Gescher e.V. Unabh\u00e4ngig von Geschlecht, Alter oder der k\u00f6rperlichen Fitness m\u00f6chten wir Sport und Fitness f\u00fcr jede*n zug\u00e4nglich machen. Spa\u00df und Teamgeist stehen bei unserem Training immer im Vordergrund. Wir trainieren auf Augenh\u00f6he, wachsen \u00fcber uns hinaus und st\u00e4rken dein Selbstbewusstsein. Ganz nebenbei tun wir noch etwas f\u00fcr unsere Gesundheit und halten&hellip;<\/p>\n","protected":false},"author":1,"featured_media":232,"parent":0,"menu_order":10,"comment_status":"closed","ping_status":"closed","template":"","meta":{"footnotes":""},"class_list":["post-11","page","type-page","status-publish","has-post-thumbnail","hentry","post"],"_links":{"self":[{"href":"https:\/\/befit-gescher.de\/index.php\/wp-json\/wp\/v2\/pages\/11","targetHints":{"allow":["GET"]}}],"collection":[{"href":"https:\/\/befit-gescher.de\/index.php\/wp-json\/wp\/v2\/pages"}],"about":[{"href":"https:\/\/befit-gescher.de\/index.php\/wp-json\/wp\/v2\/types\/page"}],"author":[{"embeddable":true,"href":"https:\/\/befit-gescher.de\/index.php\/wp-json\/wp\/v2\/users\/1"}],"replies":[{"embeddable":true,"href":"https:\/\/befit-gescher.de\/index.php\/wp-json\/wp\/v2\/comments?post=11"}],"version-history":[{"count":37,"href":"https:\/\/befit-gescher.de\/index.php\/wp-json\/wp\/v2\/pages\/11\/revisions"}],"predecessor-version":[{"id":250,"href":"https:\/\/befit-gescher.de\/index.php\/wp-json\/wp\/v2\/pages\/11\/revisions\/250"}],"wp:featuredmedia":[{"embeddable":true,"href":"https:\/\/befit-gescher.de\/index.php\/wp-json\/wp\/v2\/media\/232"}],"wp:attachment":[{"href":"https:\/\/befit-gescher.de\/index.php\/wp-json\/wp\/v2\/media?parent=11"}],"curies":[{"name":"wp","href":"https:\/\/api.w.org\/{rel}","templated":true}]}}